{"id":4320,"date":"2025-04-01T22:25:12","date_gmt":"2025-04-01T22:25:12","guid":{"rendered":"https:\/\/dacompanama.com\/site\/?post_type=product&#038;p=4320"},"modified":"2025-04-01T22:46:37","modified_gmt":"2025-04-01T22:46:37","slug":"folios-electronicos","status":"publish","type":"product","link":"https:\/\/dacompanama.com\/site\/producto\/folios-electronicos\/","title":{"rendered":"Folios Electr\u00f3nicos"},"content":{"rendered":"<p>Los Folios son documentos o archivos electr\u00f3nicos (facturas), que son validadas por el portal de la DGI otorg\u00e1ndole el C\u00f3digo \u00danico de Factura Electr\u00f3nica (CUFE), para hacer la factura fiscal valida y legalmente autorizada por la DGI.<\/p>\n<p>Los folios se adquieren a trav\u00e9s de Distribuidores o (Proveedores Autorizados Calificado) <strong>bajo planes o paquetes<\/strong> que tienen vigencia de 1 a\u00f1o (365 d\u00edas).<\/p>\n<p><strong>DACOM PANAM\u00c1<\/strong> te ofrece<\/p>\n<ul>\n<li>Soporte en l\u00ednea<\/li>\n<li>Sistema 100% web online y offline<\/li>\n<li>Facturaci\u00f3n integrada<\/li>\n<li>Capacitaci\u00f3n a clientes, en l\u00ednea y en domicilio.<\/li>\n<li>Impresi\u00f3n en tickets t\u00e9rmicos y en papel tama\u00f1o carta desde tu portal o caja registradora.<\/li>\n<li>Versatilidad con diferentes Pac, mejores opciones del mercado.<\/li>\n<li>Diferentes Planes o paquetes:<\/li>\n<\/ul>\n<p>&nbsp;<\/p>\n<table>\n<tbody>\n<tr>\n<td style=\"text-align: center;\"><strong>Plan Pymes folios anuales<\/strong><\/td>\n<td style=\"text-align: center;\"><strong>Transacciones aprox al mes<\/strong><\/td>\n<\/tr>\n<tr>\n<td>50<\/td>\n<td>4,5<\/td>\n<\/tr>\n<tr>\n<td>100<\/td>\n<td>8,9<\/td>\n<\/tr>\n<tr>\n<td>200<\/td>\n<td>17<\/td>\n<\/tr>\n<tr>\n<td>400<\/td>\n<td>34<\/td>\n<\/tr>\n<tr>\n<td>600<\/td>\n<td>50<\/td>\n<\/tr>\n<tr>\n<td>1.200<\/td>\n<td>100<\/td>\n<\/tr>\n<tr>\n<td>2.400<\/td>\n<td>200<\/td>\n<\/tr>\n<tr>\n<td>3.000<\/td>\n<td>250<\/td>\n<\/tr>\n<tr>\n<td>4.800<\/td>\n<td>400<\/td>\n<\/tr>\n<tr>\n<td>6.000<\/td>\n<td>500<\/td>\n<\/tr>\n<tr>\n<td>9.000<\/td>\n<td>750<\/td>\n<\/tr>\n<tr>\n<td>12.000<\/td>\n<td>1000<\/td>\n<\/tr>\n<tr>\n<td>18.000<\/td>\n<td>1500<\/td>\n<\/tr>\n<tr>\n<td>24.000<\/td>\n<td>2000<\/td>\n<\/tr>\n<tr>\n<td>30.000<\/td>\n<td>2500<\/td>\n<\/tr>\n<tr>\n<td>60.000<\/td>\n<td>5000<\/td>\n<\/tr>\n<tr>\n<td>120.000<\/td>\n<td>10.000<\/td>\n<\/tr>\n<tr>\n<td>PLAN DE FOLIOS ILIMITADOS<\/td>\n<td><\/td>\n<\/tr>\n<\/tbody>\n<\/table>\n<p>&nbsp;<\/p>\n","protected":false},"excerpt":{"rendered":"<p>Herramienta indispensable y obligatoria para la gesti\u00f3n de facturaci\u00f3n electr\u00f3nica de tu negocio en Panam\u00e1. Brindan un mayor control en la administraci\u00f3n.<\/p>\n<p><img decoding=\"async\" class=\"alignnone wp-image-4322\" src=\"https:\/\/dacompanama.com\/site\/wp-content\/uploads\/2025\/04\/DGI_Logo.webp\" alt=\"\" width=\"97\" height=\"54\" \/><\/p>\n","protected":false},"featured_media":4324,"template":"","meta":[],"product_brand":[],"product_cat":[32],"product_tag":[],"class_list":{"0":"post-4320","1":"product","2":"type-product","3":"status-publish","4":"has-post-thumbnail","6":"product_cat-facturacion-electronica","7":"","8":"woocommerce-text-align-left","9":"woocommerce-image-align-center","10":"do-quantity-buttons","12":"first","13":"instock","14":"shipping-taxable","15":"product-type-simple"},"_links":{"self":[{"href":"https:\/\/dacompanama.com\/site\/wp-json\/wp\/v2\/product\/4320","targetHints":{"allow":["GET"]}}],"collection":[{"href":"https:\/\/dacompanama.com\/site\/wp-json\/wp\/v2\/product"}],"about":[{"href":"https:\/\/dacompanama.com\/site\/wp-json\/wp\/v2\/types\/product"}],"wp:featuredmedia":[{"embeddable":true,"href":"https:\/\/dacompanama.com\/site\/wp-json\/wp\/v2\/media\/4324"}],"wp:attachment":[{"href":"https:\/\/dacompanama.com\/site\/wp-json\/wp\/v2\/media?parent=4320"}],"wp:term":[{"taxonomy":"product_brand","embeddable":true,"href":"https:\/\/dacompanama.com\/site\/wp-json\/wp\/v2\/product_brand?post=4320"},{"taxonomy":"product_cat","embeddable":true,"href":"https:\/\/dacompanama.com\/site\/wp-json\/wp\/v2\/product_cat?post=4320"},{"taxonomy":"product_tag","embeddable":true,"href":"https:\/\/dacompanama.com\/site\/wp-json\/wp\/v2\/product_tag?post=4320"}],"curies":[{"name":"wp","href":"https:\/\/api.w.org\/{rel}","templated":true}]}}