{"id":4221,"date":"2025-03-19T19:54:45","date_gmt":"2025-03-19T19:54:45","guid":{"rendered":"https:\/\/dacompanama.com\/site\/?post_type=product&#038;p=4221"},"modified":"2025-03-19T20:33:20","modified_gmt":"2025-03-19T20:33:20","slug":"cinta-de-transferencia-termica-ribbon","status":"publish","type":"product","link":"https:\/\/dacompanama.com\/site\/producto\/cinta-de-transferencia-termica-ribbon\/","title":{"rendered":"Cinta de transferencia termica (Ribbon)"},"content":{"rendered":"<p>Ideal para Etiquetas y C\u00f3digos de Barras, han sido probadas rigurosamente para garantizar el m\u00e1ximo rendimiento de su equipo.<\/p>\n<h4 class=\"cmp-ti2c-content__heading\">Cintas de cera<br \/>\n<b style=\"font-size: 16px;\">Ideales para la mayor\u00eda de las aplicaciones:<\/b><\/h4>\n<div class=\"cmp-ti2c-content__description\">\n<ul>\n<li>Materiales de papel<\/li>\n<li>Altas velocidades de impresi\u00f3n (hasta 12\u00a0pps)<\/li>\n<li>Entornos con exposici\u00f3n a sustancias qu\u00edmicas o abrasi\u00f3n de nivel muy bajo o inexistente<\/li>\n<\/ul>\n<h4 class=\"cmp-ti2c-content__heading\">Cintas de cera\/resina<br \/>\n<b style=\"font-size: 16px;\">Proporciona buena resistencia a abrasi\u00f3n y sustancias qu\u00edmicas. <\/b><span style=\"font-size: 16px;\">Ideales para:<\/span><\/h4>\n<div class=\"cmp-ti2c-content__description\">\n<ul>\n<li>Papel con recubrimiento y materiales mate sint\u00e9ticos<\/li>\n<li>Entornos con exposici\u00f3n a sustancias qu\u00edmicas o abrasi\u00f3n de nivel moderado a severo<\/li>\n<\/ul>\n<h4 class=\"cmp-ti2c-content__heading\">Cintas de resina<br \/>\n<b style=\"font-size: 16px;\">Calidad y durabilidad de impresi\u00f3n sin igual. <\/b><span style=\"font-size: 16px;\">Ideales para:<\/span><\/h4>\n<div class=\"cmp-ti2c-content__description\">\n<ul>\n<li>Todos los materiales sint\u00e9ticos y algunas etiquetas e identificadores con recubrimiento<\/li>\n<li>Entornos con exposici\u00f3n a sustancias qu\u00edmicas de nivel severo a extremo<\/li>\n<li>Aplicaciones que requieren mucha resistencia a temperaturas extremadamente altas y a entornos dif\u00edciles en exteriores<\/li>\n<\/ul>\n<\/div>\n<\/div>\n<\/div>\n","protected":false},"excerpt":{"rendered":"<p>Cintas t\u00e9rmicas de calidad comprobada, brindan un rendimiento uniforme y de alta calidad que alarga la vida \u00fatil del cabezal de impresi\u00f3n.<\/p>\n","protected":false},"featured_media":4224,"template":"","meta":[],"product_brand":[],"product_cat":[28],"product_tag":[],"class_list":{"0":"post-4221","1":"product","2":"type-product","3":"status-publish","4":"has-post-thumbnail","6":"product_cat-consumibles","7":"","8":"woocommerce-text-align-left","9":"woocommerce-image-align-center","10":"do-quantity-buttons","11":"wc-has-gallery","13":"first","14":"instock","15":"shipping-taxable","16":"product-type-simple"},"_links":{"self":[{"href":"https:\/\/dacompanama.com\/site\/wp-json\/wp\/v2\/product\/4221","targetHints":{"allow":["GET"]}}],"collection":[{"href":"https:\/\/dacompanama.com\/site\/wp-json\/wp\/v2\/product"}],"about":[{"href":"https:\/\/dacompanama.com\/site\/wp-json\/wp\/v2\/types\/product"}],"wp:featuredmedia":[{"embeddable":true,"href":"https:\/\/dacompanama.com\/site\/wp-json\/wp\/v2\/media\/4224"}],"wp:attachment":[{"href":"https:\/\/dacompanama.com\/site\/wp-json\/wp\/v2\/media?parent=4221"}],"wp:term":[{"taxonomy":"product_brand","embeddable":true,"href":"https:\/\/dacompanama.com\/site\/wp-json\/wp\/v2\/product_brand?post=4221"},{"taxonomy":"product_cat","embeddable":true,"href":"https:\/\/dacompanama.com\/site\/wp-json\/wp\/v2\/product_cat?post=4221"},{"taxonomy":"product_tag","embeddable":true,"href":"https:\/\/dacompanama.com\/site\/wp-json\/wp\/v2\/product_tag?post=4221"}],"curies":[{"name":"wp","href":"https:\/\/api.w.org\/{rel}","templated":true}]}}