{"id":4208,"date":"2025-03-19T16:29:14","date_gmt":"2025-03-19T16:29:14","guid":{"rendered":"https:\/\/dacompanama.com\/site\/?post_type=product&#038;p=4208"},"modified":"2025-04-02T15:35:17","modified_gmt":"2025-04-02T15:35:17","slug":"rollos-de-papel-termico","status":"publish","type":"product","link":"https:\/\/dacompanama.com\/site\/producto\/rollos-de-papel-termico\/","title":{"rendered":"Rollos de papel t\u00e9rmico"},"content":{"rendered":"<p>Son rollos t\u00e9rmicos para equipos fiscales, certificados para mantener la impresi\u00f3n hasta 5 a\u00f1os, cumpliendo as\u00ed con las disposiciones de la DGI.<\/p>\n<h5>Disponibles en distintas presentaciones:<\/h5>\n<ul>\n<li>57X37<\/li>\n<li>57X50<\/li>\n<li>80X30<\/li>\n<li>80X60<\/li>\n<li>80X70<\/li>\n<\/ul>\n<p><b><i>Presentaci\u00f3n de 30 unidades por caja.<\/i><\/b><\/p>\n<p>&nbsp;<\/p>\n","protected":false},"excerpt":{"rendered":"<p>Usado en impresoras t\u00e9rmicas fiscales y no fiscales, comandas, cajas registradoras y equipos de facturaci\u00f3n electr\u00f3nica.<\/p>\n<p>&nbsp;<\/p>\n","protected":false},"featured_media":4388,"template":"","meta":[],"product_brand":[],"product_cat":[28],"product_tag":[],"class_list":{"0":"post-4208","1":"product","2":"type-product","3":"status-publish","4":"has-post-thumbnail","6":"product_cat-consumibles","7":"","8":"woocommerce-text-align-left","9":"woocommerce-image-align-center","10":"do-quantity-buttons","11":"wc-has-gallery","13":"first","14":"instock","15":"shipping-taxable","16":"product-type-simple"},"_links":{"self":[{"href":"https:\/\/dacompanama.com\/site\/wp-json\/wp\/v2\/product\/4208","targetHints":{"allow":["GET"]}}],"collection":[{"href":"https:\/\/dacompanama.com\/site\/wp-json\/wp\/v2\/product"}],"about":[{"href":"https:\/\/dacompanama.com\/site\/wp-json\/wp\/v2\/types\/product"}],"wp:featuredmedia":[{"embeddable":true,"href":"https:\/\/dacompanama.com\/site\/wp-json\/wp\/v2\/media\/4388"}],"wp:attachment":[{"href":"https:\/\/dacompanama.com\/site\/wp-json\/wp\/v2\/media?parent=4208"}],"wp:term":[{"taxonomy":"product_brand","embeddable":true,"href":"https:\/\/dacompanama.com\/site\/wp-json\/wp\/v2\/product_brand?post=4208"},{"taxonomy":"product_cat","embeddable":true,"href":"https:\/\/dacompanama.com\/site\/wp-json\/wp\/v2\/product_cat?post=4208"},{"taxonomy":"product_tag","embeddable":true,"href":"https:\/\/dacompanama.com\/site\/wp-json\/wp\/v2\/product_tag?post=4208"}],"curies":[{"name":"wp","href":"https:\/\/api.w.org\/{rel}","templated":true}]}}