{"id":4199,"date":"2025-03-19T15:02:36","date_gmt":"2025-03-19T15:02:36","guid":{"rendered":"https:\/\/dacompanama.com\/site\/?post_type=product&#038;p=4199"},"modified":"2025-03-19T15:42:24","modified_gmt":"2025-03-19T15:42:24","slug":"interfaz-peachtree-y-quickbook","status":"publish","type":"product","link":"https:\/\/dacompanama.com\/site\/producto\/interfaz-peachtree-y-quickbook\/","title":{"rendered":"Interfaz Peachtree y Quickbook"},"content":{"rendered":"<p>Es el mejor programa del mercado que le permite a las micro, peque\u00f1as y medianas empresas utilizar un completo recurso para administrar de la mejor manera sus negocios con interfaz para programas contables como Peachtree o Quickbook (local), contamos con m\u00e1s de 10 a\u00f1os de experiencia desarrollando software.<\/p>\n<p>Es un software creado para la administraci\u00f3n efectiva con facturaci\u00f3n electr\u00f3nica, donde facilita el control de sus facturas con la validaci\u00f3n de la DGI.<\/p>\n<p>Es lo mejor a elegir por su bajo costo, el mismo posee planes muy flexibles que se adaptan a su presupuesto y sin contrato, donde usted no est\u00e1 obligado a tomar ning\u00fan compromiso, puede usar el software durante el tiempo que lo necesite.<\/p>\n","protected":false},"excerpt":{"rendered":"<p>Para aquellos que s\u00f3lo necesitan facturar y utilizan ya un sistema contable como Peachtree o Quickbook.<\/p>\n","protected":false},"featured_media":4201,"template":"","meta":[],"product_brand":[],"product_cat":[19],"product_tag":[],"class_list":{"0":"post-4199","1":"product","2":"type-product","3":"status-publish","4":"has-post-thumbnail","6":"product_cat-software","7":"","8":"woocommerce-text-align-left","9":"woocommerce-image-align-center","10":"do-quantity-buttons","11":"wc-has-gallery","13":"first","14":"instock","15":"shipping-taxable","16":"product-type-simple"},"_links":{"self":[{"href":"https:\/\/dacompanama.com\/site\/wp-json\/wp\/v2\/product\/4199","targetHints":{"allow":["GET"]}}],"collection":[{"href":"https:\/\/dacompanama.com\/site\/wp-json\/wp\/v2\/product"}],"about":[{"href":"https:\/\/dacompanama.com\/site\/wp-json\/wp\/v2\/types\/product"}],"wp:featuredmedia":[{"embeddable":true,"href":"https:\/\/dacompanama.com\/site\/wp-json\/wp\/v2\/media\/4201"}],"wp:attachment":[{"href":"https:\/\/dacompanama.com\/site\/wp-json\/wp\/v2\/media?parent=4199"}],"wp:term":[{"taxonomy":"product_brand","embeddable":true,"href":"https:\/\/dacompanama.com\/site\/wp-json\/wp\/v2\/product_brand?post=4199"},{"taxonomy":"product_cat","embeddable":true,"href":"https:\/\/dacompanama.com\/site\/wp-json\/wp\/v2\/product_cat?post=4199"},{"taxonomy":"product_tag","embeddable":true,"href":"https:\/\/dacompanama.com\/site\/wp-json\/wp\/v2\/product_tag?post=4199"}],"curies":[{"name":"wp","href":"https:\/\/api.w.org\/{rel}","templated":true}]}}