{"id":4180,"date":"2025-03-18T23:49:27","date_gmt":"2025-03-18T23:49:27","guid":{"rendered":"https:\/\/dacompanama.com\/site\/?post_type=product&#038;p=4180"},"modified":"2025-04-01T23:21:03","modified_gmt":"2025-04-01T23:21:03","slug":"scanner-inalambrico-hka-1d-2d","status":"publish","type":"product","link":"https:\/\/dacompanama.com\/site\/producto\/scanner-inalambrico-hka-1d-2d\/","title":{"rendered":"Scanner Inal\u00e1mbrico HKA &#8211; 1D\/2D"},"content":{"rendered":"<p class=\"cvGsUA direction-ltr align-start para-style-body\"><span class=\"OYPEnA font-feature-liga-off font-feature-clig-off font-feature-calt-off text-decoration-none text-strikethrough-none\">En muchas industrias, la codificaci\u00f3n de barras 2D se est\u00e1 convirtiendo en el nuevo est\u00e1ndar. No s\u00f3lo es posible tener muchos m\u00e1s datos en un c\u00f3digo 2D, sino tambi\u00e9n muchas aplicaciones tales como regulaciones gubernamentales, farmacias, programas de lealtad y mandatos de proveedores est\u00e1n requiriendo su adopci\u00f3n. Las empresas tambi\u00e9n est\u00e1n buscando aprovechar las tendencias emergentes que requieren tecnolog\u00eda de imagen de \u00e1rea.<\/span><\/p>\n<p class=\"cvGsUA direction-ltr align-start para-style-body\"><strong><span class=\"OYPEnA font-feature-liga-off font-feature-clig-off font-feature-calt-off text-decoration-none text-strikethrough-none\">Caracter\u00edsticas:<\/span><\/strong><\/p>\n<ul>\n<li><span class=\"OYPEnA font-feature-liga-off font-feature-clig-off font-feature-calt-off text-decoration-none text-strikethrough-none\"><strong>Velocidad de lectura:<\/strong> 200 veces por segundo<\/span><\/li>\n<li><span class=\"OYPEnA font-feature-liga-off font-feature-clig-off font-feature-calt-off text-decoration-none text-strikethrough-none\"><strong>Interface:<\/strong> Emulaci\u00f3n de teclado, RS232, Teclado USB, Puerto COM Virtual.<\/span><\/li>\n<li><span class=\"OYPEnA font-feature-liga-off font-feature-clig-off font-feature-calt-off text-decoration-none text-strikethrough-none\"><strong>Compatibilidad:<\/strong> Windows, Mac OS, Linux, Android, IOS<\/span><\/li>\n<li><span class=\"OYPEnA font-feature-liga-off font-feature-clig-off font-feature-calt-off text-decoration-none text-strikethrough-none\"><strong>Capacidad de Decodificaci\u00f3n:<\/strong> Code128, EAN-13, EAN-8, Code39, UPC-A, UPC-E, Codabar, Interleaved 2 of 5, ISBN\/ISSN, Code 93, UCC\/EAN-128, GS1 Databar, etc.<\/span><\/li>\n<li><strong>Capacidad de Decodificaci\u00f3n:<\/strong> UPC-A, UPC-E, UPC-E1, EAN-13, EAN-8, ISBN (Bookland EAN), ISSN, Code 39, Code 39 full ASCII, Code 32, Code 39 trioptico, intercalado 2 de 5, Industrial 2 de 5 (discreto 2 de 5), Matrix 2 de 5, Codabar (NW7), Code 128, UCC\/EAN 128, ISBT 128, Code 93, Code 11 (USD-8), MSI\/Plessey, UK\/Plessey, China Post, China Finance, variantes GS1 DataBar (antiguo RSS), Telepen<\/li>\n<li><span class=\"OYPEnA font-feature-liga-off font-feature-clig-off font-feature-calt-off text-decoration-none text-strikethrough-none\"><strong>Dimensiones:<\/strong> 170mm (H) x 68mm (D) x 98mm (W)<\/span><\/li>\n<li><strong><span class=\"OYPEnA font-feature-liga-off font-feature-clig-off font-feature-calt-off text-decoration-none text-strikethrough-none\">Peso<\/span><\/strong><span class=\"OYPEnA font-feature-liga-off font-feature-clig-off font-feature-calt-off text-decoration-none text-strikethrough-none\"><strong>:<\/strong> 168g sin cable.<\/span><\/li>\n<\/ul>\n","protected":false},"excerpt":{"rendered":"<p>Mejora el servicio que prestas a tus clientes utilizando el esc\u00e1ner de c\u00f3digos de barra HKA, es eficiente y permite obtener la informaci\u00f3n de manera r\u00e1pida y correcta.<\/p>\n<p><img decoding=\"async\" class=\"alignnone wp-image-3787 size-full\" src=\"https:\/\/dacompanama.com\/site\/wp-content\/uploads\/2021\/10\/logo_hka.jpg\" alt=\"\" width=\"78\" height=\"41\" \/><\/p>\n","protected":false},"featured_media":4173,"template":"","meta":[],"product_brand":[],"product_cat":[34],"product_tag":[],"class_list":{"0":"post-4180","1":"product","2":"type-product","3":"status-publish","4":"has-post-thumbnail","6":"product_cat-lectores-de-codigos-de-barras","7":"","8":"woocommerce-text-align-left","9":"woocommerce-image-align-center","10":"do-quantity-buttons","12":"first","13":"instock","14":"shipping-taxable","15":"product-type-simple"},"_links":{"self":[{"href":"https:\/\/dacompanama.com\/site\/wp-json\/wp\/v2\/product\/4180","targetHints":{"allow":["GET"]}}],"collection":[{"href":"https:\/\/dacompanama.com\/site\/wp-json\/wp\/v2\/product"}],"about":[{"href":"https:\/\/dacompanama.com\/site\/wp-json\/wp\/v2\/types\/product"}],"wp:featuredmedia":[{"embeddable":true,"href":"https:\/\/dacompanama.com\/site\/wp-json\/wp\/v2\/media\/4173"}],"wp:attachment":[{"href":"https:\/\/dacompanama.com\/site\/wp-json\/wp\/v2\/media?parent=4180"}],"wp:term":[{"taxonomy":"product_brand","embeddable":true,"href":"https:\/\/dacompanama.com\/site\/wp-json\/wp\/v2\/product_brand?post=4180"},{"taxonomy":"product_cat","embeddable":true,"href":"https:\/\/dacompanama.com\/site\/wp-json\/wp\/v2\/product_cat?post=4180"},{"taxonomy":"product_tag","embeddable":true,"href":"https:\/\/dacompanama.com\/site\/wp-json\/wp\/v2\/product_tag?post=4180"}],"curies":[{"name":"wp","href":"https:\/\/api.w.org\/{rel}","templated":true}]}}