{"id":4179,"date":"2025-03-18T23:38:58","date_gmt":"2025-03-18T23:38:58","guid":{"rendered":"https:\/\/dacompanama.com\/site\/?post_type=product&#038;p=4179"},"modified":"2025-04-01T23:21:12","modified_gmt":"2025-04-01T23:21:12","slug":"scanner-usb-con-base-1d-2d","status":"publish","type":"product","link":"https:\/\/dacompanama.com\/site\/producto\/scanner-usb-con-base-1d-2d\/","title":{"rendered":"Scanner USB con base &#8211; 1D\/2D"},"content":{"rendered":"<p class=\"cvGsUA direction-ltr align-start para-style-body\"><span class=\"OYPEnA font-feature-liga-off font-feature-clig-off font-feature-calt-off text-decoration-none text-strikethrough-none\">En muchas industrias, la codificaci\u00f3n de barras 2D se est\u00e1 convirtiendo en el nuevo est\u00e1ndar. No s\u00f3lo es posible tener muchos m\u00e1s datos en un c\u00f3digo 2D, sino tambi\u00e9n muchas aplicaciones tales como regulaciones gubernamentales, farmacias, programas de lealtad y mandatos de proveedores est\u00e1n requiriendo su adopci\u00f3n. Las empresas tambi\u00e9n est\u00e1n buscando aprovechar las tendencias emergentes que requieren tecnolog\u00eda de imagen de \u00e1rea.<\/span><\/p>\n<p class=\"cvGsUA direction-ltr align-start para-style-body\"><strong><span class=\"OYPEnA font-feature-liga-off font-feature-clig-off font-feature-calt-off text-decoration-none text-strikethrough-none\">Caracter\u00edsticas:<\/span><\/strong><\/p>\n<ul>\n<li><span class=\"OYPEnA font-feature-liga-off font-feature-clig-off font-feature-calt-off text-decoration-none text-strikethrough-none\"><strong>Velocidad de lectura:<\/strong> 30 cuadros por segundo<\/span><\/li>\n<li><span class=\"OYPEnA font-feature-liga-off font-feature-clig-off font-feature-calt-off text-decoration-none text-strikethrough-none\"><strong>Interface:<\/strong> USB y<\/span> <span class=\"OYPEnA font-feature-liga-off font-feature-clig-off font-feature-calt-off text-decoration-none text-strikethrough-none\">RS232<\/span><\/li>\n<li><span class=\"OYPEnA font-feature-liga-off font-feature-clig-off font-feature-calt-off text-decoration-none text-strikethrough-none\"><strong>Compatibilidad:<\/strong> Windows, Mac OS, Linux, Android, IOS<\/span><\/li>\n<li><span class=\"OYPEnA font-feature-liga-off font-feature-clig-off font-feature-calt-off text-decoration-none text-strikethrough-none\">Capacidad de Decodificaci\u00f3n Code128, EAN-13, EAN-8, Code39, UPC-A, UPC-E, Codabar, Interleaved 2 of 5, ISBN\/ISSN, Code 93, UCC\/EAN-128, GS1 Databar, etc.<\/span><\/li>\n<li><span class=\"OYPEnA font-feature-liga-off font-feature-clig-off font-feature-calt-off text-decoration-none text-strikethrough-none\">Capacidad de Decodificaci\u00f3n 2D PDF417, QR Code (Model 1\/2, micro), DataMatrix (ECC200, ECC000,050, 080, 100,14<\/span><\/li>\n<li><span class=\"OYPEnA font-feature-liga-off font-feature-clig-off font-feature-calt-off text-decoration-none text-strikethrough-none\"><strong>Dimensiones:<\/strong> 170mm (H) x 68mm (D) x 98mm (W)<\/span> <span class=\"OYPEnA font-feature-liga-off font-feature-clig-off font-feature-calt-off text-decoration-none text-strikethrough-none\">Peso<\/span><span class=\"OYPEnA font-feature-liga-off font-feature-clig-off font-feature-calt-off text-decoration-none text-strikethrough-none\">: 120g.<\/span><\/li>\n<\/ul>\n","protected":false},"excerpt":{"rendered":"<p>Lector de c\u00f3digo de barras l\u00e1ser<span lang=\"es\">\u00a0<\/span>con base que proporciona <span lang=\"es\">soporte manos libres y un <\/span>dise\u00f1o anti-golpes que <span lang=\"es\">soporta ca\u00eddas de hasta 1,5m<\/span><\/p>\n<p><img decoding=\"async\" class=\"alignnone wp-image-3564\" src=\"https:\/\/dacompanama.com\/site\/wp-content\/uploads\/2020\/10\/logo_3nStar-Panama.png\" alt=\"\" width=\"165\" height=\"50\" \/><\/p>\n","protected":false},"featured_media":4170,"template":"","meta":[],"product_brand":[],"product_cat":[34],"product_tag":[],"class_list":{"0":"post-4179","1":"product","2":"type-product","3":"status-publish","4":"has-post-thumbnail","6":"product_cat-lectores-de-codigos-de-barras","7":"","8":"woocommerce-text-align-left","9":"woocommerce-image-align-center","10":"do-quantity-buttons","12":"first","13":"instock","14":"shipping-taxable","15":"product-type-simple"},"_links":{"self":[{"href":"https:\/\/dacompanama.com\/site\/wp-json\/wp\/v2\/product\/4179","targetHints":{"allow":["GET"]}}],"collection":[{"href":"https:\/\/dacompanama.com\/site\/wp-json\/wp\/v2\/product"}],"about":[{"href":"https:\/\/dacompanama.com\/site\/wp-json\/wp\/v2\/types\/product"}],"wp:featuredmedia":[{"embeddable":true,"href":"https:\/\/dacompanama.com\/site\/wp-json\/wp\/v2\/media\/4170"}],"wp:attachment":[{"href":"https:\/\/dacompanama.com\/site\/wp-json\/wp\/v2\/media?parent=4179"}],"wp:term":[{"taxonomy":"product_brand","embeddable":true,"href":"https:\/\/dacompanama.com\/site\/wp-json\/wp\/v2\/product_brand?post=4179"},{"taxonomy":"product_cat","embeddable":true,"href":"https:\/\/dacompanama.com\/site\/wp-json\/wp\/v2\/product_cat?post=4179"},{"taxonomy":"product_tag","embeddable":true,"href":"https:\/\/dacompanama.com\/site\/wp-json\/wp\/v2\/product_tag?post=4179"}],"curies":[{"name":"wp","href":"https:\/\/api.w.org\/{rel}","templated":true}]}}