{"id":4169,"date":"2025-03-18T23:05:13","date_gmt":"2025-03-18T23:05:13","guid":{"rendered":"https:\/\/dacompanama.com\/site\/?post_type=product&#038;p=4169"},"modified":"2025-04-01T23:21:37","modified_gmt":"2025-04-01T23:21:37","slug":"scanner-usb-1d-2d-omnidireccional-americano","status":"publish","type":"product","link":"https:\/\/dacompanama.com\/site\/producto\/scanner-usb-1d-2d-omnidireccional-americano\/","title":{"rendered":"Scanner USB 1D\/2D Omnidireccional Americano"},"content":{"rendered":"<p class=\"cvGsUA direction-ltr align-start para-style-body\"><span class=\"OYPEnA font-feature-liga-off font-feature-clig-off font-feature-calt-off text-decoration-none text-strikethrough-none\"> Compacto, ligero y a la vez robusto, este lector omnidireccional maximiza la eficiencia de los empleados e incrementa la satisfacci\u00f3n del cliente, gracias a su velocidad de 60 im\u00e1genes por segundo. Para mayor flexibilidad y facilidad de uso, el cuerpo de lectura puede ser ajustado en un \u00e1ngulo de hasta 40\u00b0 para adaptarse al tama\u00f1o y forma de diversos productos.<\/span><\/p>\n<p class=\"cvGsUA direction-ltr align-start para-style-body\"><strong><span class=\"OYPEnA font-feature-liga-off font-feature-clig-off font-feature-calt-off text-decoration-none text-strikethrough-none\">Caracter\u00edsticas:<\/span><\/strong><\/p>\n<ul>\n<li><span class=\"OYPEnA font-feature-liga-off font-feature-clig-off font-feature-calt-off text-decoration-none text-strikethrough-none\"><strong>Velocidad de lectura:<\/strong> 60 cuadros por segundo<\/span><\/li>\n<li><span class=\"OYPEnA font-feature-liga-off font-feature-clig-off font-feature-calt-off text-decoration-none text-strikethrough-none\"><strong>Interface:<\/strong> USB y RS232<\/span><\/li>\n<li><span class=\"OYPEnA font-feature-liga-off font-feature-clig-off font-feature-calt-off text-decoration-none text-strikethrough-none\"><strong>Compatibilidad:<\/strong> Windows, Mac OS, Linux, Android, IOS<\/span><\/li>\n<li><span class=\"OYPEnA font-feature-liga-off font-feature-clig-off font-feature-calt-off text-decoration-none text-strikethrough-none\"><strong>Campo de Visi\u00f3n Horizontal:<\/strong> 40.0\u00ba Vertical: 27.0\u00ba C<\/span><\/li>\n<li><span class=\"OYPEnA font-feature-liga-off font-feature-clig-off font-feature-calt-off text-decoration-none text-strikethrough-none\"><strong>Capacidad de Decodificaci\u00f3n:<\/strong> 2D PDF417\uff0cMicro PDF417\uff0cData Matrix\uff0cQR Code\uff0cMicro QR,Otros.<\/span><\/li>\n<li><span class=\"OYPEnA font-feature-liga-off font-feature-clig-off font-feature-calt-off text-decoration-none text-strikethrough-none\"><strong>Dimensiones:<\/strong> 148mm(H) x 100mm(L) x 110mm(W)<\/span><\/li>\n<li><span class=\"OYPEnA font-feature-liga-off font-feature-clig-off font-feature-calt-off text-decoration-none text-strikethrough-none\"><strong>Peso:<\/strong> 348g<\/span><\/li>\n<\/ul>\n","protected":false},"excerpt":{"rendered":"<p><span class=\"OYPEnA font-feature-liga-off font-feature-clig-off font-feature-calt-off text-decoration-none text-strikethrough-none\">Proporciona lectura omni-direccional de c\u00f3digos de barras a negocios que est\u00e9n buscando un producto asequible y confiable.<\/span><\/p>\n<p><img decoding=\"async\" class=\"alignnone wp-image-3564\" src=\"https:\/\/dacompanama.com\/site\/wp-content\/uploads\/2020\/10\/logo_3nStar-Panama.png\" alt=\"\" width=\"165\" height=\"50\" \/><\/p>\n","protected":false},"featured_media":4175,"template":"","meta":[],"product_brand":[],"product_cat":[34],"product_tag":[],"class_list":{"0":"post-4169","1":"product","2":"type-product","3":"status-publish","4":"has-post-thumbnail","6":"product_cat-lectores-de-codigos-de-barras","7":"","8":"woocommerce-text-align-left","9":"woocommerce-image-align-center","10":"do-quantity-buttons","12":"first","13":"instock","14":"shipping-taxable","15":"product-type-simple"},"_links":{"self":[{"href":"https:\/\/dacompanama.com\/site\/wp-json\/wp\/v2\/product\/4169","targetHints":{"allow":["GET"]}}],"collection":[{"href":"https:\/\/dacompanama.com\/site\/wp-json\/wp\/v2\/product"}],"about":[{"href":"https:\/\/dacompanama.com\/site\/wp-json\/wp\/v2\/types\/product"}],"wp:featuredmedia":[{"embeddable":true,"href":"https:\/\/dacompanama.com\/site\/wp-json\/wp\/v2\/media\/4175"}],"wp:attachment":[{"href":"https:\/\/dacompanama.com\/site\/wp-json\/wp\/v2\/media?parent=4169"}],"wp:term":[{"taxonomy":"product_brand","embeddable":true,"href":"https:\/\/dacompanama.com\/site\/wp-json\/wp\/v2\/product_brand?post=4169"},{"taxonomy":"product_cat","embeddable":true,"href":"https:\/\/dacompanama.com\/site\/wp-json\/wp\/v2\/product_cat?post=4169"},{"taxonomy":"product_tag","embeddable":true,"href":"https:\/\/dacompanama.com\/site\/wp-json\/wp\/v2\/product_tag?post=4169"}],"curies":[{"name":"wp","href":"https:\/\/api.w.org\/{rel}","templated":true}]}}