{"id":4168,"date":"2025-03-14T12:23:27","date_gmt":"2025-03-14T12:23:27","guid":{"rendered":"https:\/\/dacompanama.com\/site\/?post_type=product&#038;p=4168"},"modified":"2025-03-14T12:27:43","modified_gmt":"2025-03-14T12:27:43","slug":"mouse-con-cable-para-pc","status":"publish","type":"product","link":"https:\/\/dacompanama.com\/site\/producto\/mouse-con-cable-para-pc\/","title":{"rendered":"Mouse con cable para PC"},"content":{"rendered":"<p>Un fluido bot\u00f3n rueda completa la silenciosa experiencia. Los mouse Silent eliminan el exceso de ruido a la vez que protegen la salud y la productividad de todos. Haz que \u00e9ste sea tu \u00faltimo molesto clic. Tu familia y tus amigos te lo agradecer\u00e1n.<\/p>\n<p class=\"cvGsUA direction-ltr align-start para-style-body\"><strong><span class=\"OYPEnA font-feature-liga-off font-feature-clig-off font-feature-calt-off text-decoration-none text-strikethrough-none\">Caracter\u00edsticas:<\/span><\/strong><\/p>\n<ul>\n<li><span class=\"OYPEnA font-feature-liga-off font-feature-clig-off font-feature-calt-off text-decoration-none text-strikethrough-none\"><strong>Dimensiones (alto x ancho x profundidad):<\/strong> 112,96 mm x 61,7 mm x 38,4 mm<\/span><\/li>\n<li><strong>Longitud del cable:<\/strong> 180 cm<\/li>\n<li><span class=\"OYPEnA font-feature-liga-off font-feature-clig-off font-feature-calt-off text-decoration-none text-strikethrough-none\"><strong>Tipo de conexi\u00f3n:<\/strong> Con cable<\/span><\/li>\n<\/ul>\n<p class=\"cvGsUA direction-ltr align-start para-style-body\"><span class=\"OYPEnA font-feature-liga-off font-feature-clig-off font-feature-calt-off text-decoration-none text-strikethrough-none\">REQUISITOS DEL SISTEMA<\/span><\/p>\n<ul>\n<li class=\"cvGsUA direction-ltr align-start para-style-body\"><span class=\"OYPEnA font-feature-liga-off font-feature-clig-off font-feature-calt-off text-decoration-none text-strikethrough-none\">Windows\u00ae 10 o posterior, Windows 8, Windows 7<\/span><\/li>\n<li class=\"cvGsUA direction-ltr align-start para-style-body\">macOS X 10.5 o posterior<\/li>\n<li class=\"cvGsUA direction-ltr align-start para-style-body\">Chrome OS\u2122<\/li>\n<li class=\"cvGsUA direction-ltr align-start para-style-body\">Linux Kernel 2.6+2<\/li>\n<li class=\"cvGsUA direction-ltr align-start para-style-body\"><strong>Conexi\u00f3n USB:<\/strong> Requiere puerto USB disponible.<\/li>\n<\/ul>\n<p class=\"cvGsUA direction-ltr align-start para-style-body\">\n","protected":false},"excerpt":{"rendered":"<p>Acaba todo tu trabajo sin perder el ritmo y sin molestar a los que te rodean. El silencioso mouse Silent ofrecen la misma sensaci\u00f3n de click pero sin el ruido.<\/p>\n<p><img decoding=\"async\" class=\"alignnone wp-image-4167 size-full\" src=\"https:\/\/dacompanama.com\/site\/wp-content\/uploads\/2025\/03\/logo-logi.jpg\" alt=\"\" width=\"157\" height=\"44\" \/><\/p>\n","protected":false},"featured_media":4130,"template":"","meta":[],"product_brand":[],"product_cat":[17],"product_tag":[],"class_list":{"0":"post-4168","1":"product","2":"type-product","3":"status-publish","4":"has-post-thumbnail","6":"product_cat-perifericos","7":"","8":"woocommerce-text-align-left","9":"woocommerce-image-align-center","10":"do-quantity-buttons","12":"first","13":"instock","14":"shipping-taxable","15":"product-type-simple"},"_links":{"self":[{"href":"https:\/\/dacompanama.com\/site\/wp-json\/wp\/v2\/product\/4168","targetHints":{"allow":["GET"]}}],"collection":[{"href":"https:\/\/dacompanama.com\/site\/wp-json\/wp\/v2\/product"}],"about":[{"href":"https:\/\/dacompanama.com\/site\/wp-json\/wp\/v2\/types\/product"}],"wp:featuredmedia":[{"embeddable":true,"href":"https:\/\/dacompanama.com\/site\/wp-json\/wp\/v2\/media\/4130"}],"wp:attachment":[{"href":"https:\/\/dacompanama.com\/site\/wp-json\/wp\/v2\/media?parent=4168"}],"wp:term":[{"taxonomy":"product_brand","embeddable":true,"href":"https:\/\/dacompanama.com\/site\/wp-json\/wp\/v2\/product_brand?post=4168"},{"taxonomy":"product_cat","embeddable":true,"href":"https:\/\/dacompanama.com\/site\/wp-json\/wp\/v2\/product_cat?post=4168"},{"taxonomy":"product_tag","embeddable":true,"href":"https:\/\/dacompanama.com\/site\/wp-json\/wp\/v2\/product_tag?post=4168"}],"curies":[{"name":"wp","href":"https:\/\/api.w.org\/{rel}","templated":true}]}}