{"id":4165,"date":"2025-03-14T12:01:33","date_gmt":"2025-03-14T12:01:33","guid":{"rendered":"https:\/\/dacompanama.com\/site\/?post_type=product&#038;p=4165"},"modified":"2025-03-14T12:05:11","modified_gmt":"2025-03-14T12:05:11","slug":"ups-apc-de-9-tomas-2-usb","status":"publish","type":"product","link":"https:\/\/dacompanama.com\/site\/producto\/ups-apc-de-9-tomas-2-usb\/","title":{"rendered":"UPS APC de 9 tomas + 2 USB"},"content":{"rendered":"<p class=\"cvGsUA direction-ltr align-start para-style-body\"><strong><span class=\"OYPEnA font-feature-liga-off font-feature-clig-off font-feature-calt-off text-decoration-none text-strikethrough-none\">Caracter\u00edsticas:<\/span><\/strong><\/p>\n<ul>\n<li><span class=\"OYPEnA font-feature-liga-off font-feature-clig-off font-feature-calt-off text-decoration-none text-strikethrough-none\">Back-UPS ES de APC, 9 tomas de corriente. 850 VA, 450 W<\/span><\/li>\n<li><span class=\"OYPEnA font-feature-liga-off font-feature-clig-off font-feature-calt-off text-decoration-none text-strikethrough-none\">Respaldo de bater\u00eda con protecci\u00f3n contra subidas de tensi\u00f3n para equipos electr\u00f3nicos y ordenadores.<\/span><\/li>\n<li><span class=\"OYPEnA font-feature-liga-off font-feature-clig-off font-feature-calt-off text-decoration-none text-strikethrough-none\">LED que informa sobre los problemas de cableado potencialmente peligrosos en la instalaci\u00f3n el\u00e9ctrica.<\/span><\/li>\n<li><span class=\"OYPEnA font-feature-liga-off font-feature-clig-off font-feature-calt-off text-decoration-none text-strikethrough-none\">Alarmas sonoras que notifica los cambios que se produzcan en el estado de la UPS y de la red el\u00e9ctrica.<\/span><\/li>\n<li><span class=\"OYPEnA font-feature-liga-off font-feature-clig-off font-feature-calt-off text-decoration-none text-strikethrough-none\">Incluye: Manual de usuario<\/span><\/li>\n<\/ul>\n","protected":false},"excerpt":{"rendered":"<p><span class=\"OYPEnA font-feature-liga-off font-feature-clig-off font-feature-calt-off text-decoration-none text-strikethrough-none\">Ofrece protecci\u00f3n contra sobretensiones y energ\u00eda para redes inal\u00e1mbricas, computadoras, consolas de juegos y otros dispositivos electr\u00f3nicos en su hogar o negocio.<\/span><\/p>\n<p><img decoding=\"async\" class=\"alignnone size-full wp-image-4164\" src=\"https:\/\/dacompanama.com\/site\/wp-content\/uploads\/2025\/03\/APC-logo.jpg\" alt=\"\" width=\"158\" height=\"42\" \/><\/p>\n","protected":false},"featured_media":4120,"template":"","meta":[],"product_brand":[],"product_cat":[17],"product_tag":[],"class_list":{"0":"post-4165","1":"product","2":"type-product","3":"status-publish","4":"has-post-thumbnail","6":"product_cat-perifericos","7":"","8":"woocommerce-text-align-left","9":"woocommerce-image-align-center","10":"do-quantity-buttons","12":"first","13":"instock","14":"shipping-taxable","15":"product-type-simple"},"_links":{"self":[{"href":"https:\/\/dacompanama.com\/site\/wp-json\/wp\/v2\/product\/4165","targetHints":{"allow":["GET"]}}],"collection":[{"href":"https:\/\/dacompanama.com\/site\/wp-json\/wp\/v2\/product"}],"about":[{"href":"https:\/\/dacompanama.com\/site\/wp-json\/wp\/v2\/types\/product"}],"wp:featuredmedia":[{"embeddable":true,"href":"https:\/\/dacompanama.com\/site\/wp-json\/wp\/v2\/media\/4120"}],"wp:attachment":[{"href":"https:\/\/dacompanama.com\/site\/wp-json\/wp\/v2\/media?parent=4165"}],"wp:term":[{"taxonomy":"product_brand","embeddable":true,"href":"https:\/\/dacompanama.com\/site\/wp-json\/wp\/v2\/product_brand?post=4165"},{"taxonomy":"product_cat","embeddable":true,"href":"https:\/\/dacompanama.com\/site\/wp-json\/wp\/v2\/product_cat?post=4165"},{"taxonomy":"product_tag","embeddable":true,"href":"https:\/\/dacompanama.com\/site\/wp-json\/wp\/v2\/product_tag?post=4165"}],"curies":[{"name":"wp","href":"https:\/\/api.w.org\/{rel}","templated":true}]}}