{"id":4162,"date":"2025-03-14T00:29:07","date_gmt":"2025-03-14T00:29:07","guid":{"rendered":"https:\/\/dacompanama.com\/site\/?post_type=product&#038;p=4162"},"modified":"2025-03-14T00:31:03","modified_gmt":"2025-03-14T00:31:03","slug":"lector-de-huellas-biometrico-con-cable-usb","status":"publish","type":"product","link":"https:\/\/dacompanama.com\/site\/producto\/lector-de-huellas-biometrico-con-cable-usb\/","title":{"rendered":"Lector de huellas biom\u00e9trico con cable USB"},"content":{"rendered":"<p class=\"cvGsUA direction-ltr align-start para-style-body\"><span class=\"OYPEnA font-feature-liga-off font-feature-clig-off font-feature-calt-off text-decoration-none text-strikethrough-none\">El dise\u00f1o compacto de este dispositivo le ahorrar\u00e1 espacio en los escritorios de la empresa, adem\u00e1s, su moderno aspecto profesionalmente dise\u00f1ado se distingue por su elegancia en entornos de punto de venta.<\/span><\/p>\n<p class=\"cvGsUA direction-ltr align-start para-style-body\"><strong><span class=\"OYPEnA font-feature-liga-off font-feature-clig-off font-feature-calt-off text-decoration-none text-strikethrough-none\">Caracter\u00edsticas:<\/span><\/strong><\/p>\n<ul>\n<li><span class=\"OYPEnA font-feature-liga-off font-feature-clig-off font-feature-calt-off text-decoration-none text-strikethrough-none\"><strong>Peso:<\/strong> 105 gramos<\/span><\/li>\n<li><span class=\"OYPEnA font-feature-liga-off font-feature-clig-off font-feature-calt-off text-decoration-none text-strikethrough-none\"><strong>Interfaz:<\/strong> Dispositivo USB 2.0 Full-speed de alta potencia<\/span><\/li>\n<li><span class=\"OYPEnA font-feature-liga-off font-feature-clig-off font-feature-calt-off text-decoration-none text-strikethrough-none\"><strong>P\u00edxeles de resoluci\u00f3n:<\/strong> 512 dpi (x, y promedio sobre el \u00e1rea de detecci\u00f3n)<\/span><\/li>\n<li><span class=\"OYPEnA font-feature-liga-off font-feature-clig-off font-feature-calt-off text-decoration-none text-strikethrough-none\"><strong>\u00c1rea de captura de huella:<\/strong> 14.6 mm (anchura al centro) 18.1 mm (longitud)<\/span><\/li>\n<li><span class=\"OYPEnA font-feature-liga-off font-feature-clig-off font-feature-calt-off text-decoration-none text-strikethrough-none\"><strong>Escala de grises:<\/strong> 8 bits (256 niveles de gris)<\/span><\/li>\n<li><span class=\"OYPEnA font-feature-liga-off font-feature-clig-off font-feature-calt-off text-decoration-none text-strikethrough-none\"><strong>Tama\u00f1o del lector (aproximado):<\/strong> 65 mm x 36 mm x 15.56 mm<\/span><\/li>\n<li><span class=\"OYPEnA font-feature-liga-off font-feature-clig-off font-feature-calt-off text-decoration-none text-strikethrough-none\">Compatible con USB: 1.0, 1.1 y 2.0 (Full Speed)<\/span><\/li>\n<li><span class=\"OYPEnA font-feature-liga-off font-feature-clig-off font-feature-calt-off text-decoration-none text-strikethrough-none\"><strong>Est\u00e1ndares con los que cumple:<\/strong> FCC clase B, CE, ICES, BSMI, MIC, USB, WHQL<\/span><\/li>\n<li><span class=\"OYPEnA font-feature-liga-off font-feature-clig-off font-feature-calt-off text-decoration-none text-strikethrough-none\"><strong>Voltaje de alimentaci\u00f3n:<\/strong> 5.0V \u00b15% suministrado por el USB<\/span><\/li>\n<li><span class=\"OYPEnA font-feature-liga-off font-feature-clig-off font-feature-calt-off text-decoration-none text-strikethrough-none\"><strong>Corriente de alimentaci\u00f3n \u2013 lectura:<\/strong> &lt; 100 mA (t\u00edpico)<\/span><\/li>\n<\/ul>\n","protected":false},"excerpt":{"rendered":"<p><span class=\"OYPEnA font-feature-liga-off font-feature-clig-off font-feature-calt-off text-decoration-none text-strikethrough-none\">Incre\u00edble lector de huella digital USB, es perfecto para uso individual y para m\u00faltiples usuarios en entornos compartidos.<\/span><\/p>\n","protected":false},"featured_media":4128,"template":"","meta":[],"product_brand":[],"product_cat":[17],"product_tag":[],"class_list":{"0":"post-4162","1":"product","2":"type-product","3":"status-publish","4":"has-post-thumbnail","6":"product_cat-perifericos","7":"","8":"woocommerce-text-align-left","9":"woocommerce-image-align-center","10":"do-quantity-buttons","12":"first","13":"instock","14":"shipping-taxable","15":"product-type-simple"},"_links":{"self":[{"href":"https:\/\/dacompanama.com\/site\/wp-json\/wp\/v2\/product\/4162","targetHints":{"allow":["GET"]}}],"collection":[{"href":"https:\/\/dacompanama.com\/site\/wp-json\/wp\/v2\/product"}],"about":[{"href":"https:\/\/dacompanama.com\/site\/wp-json\/wp\/v2\/types\/product"}],"wp:featuredmedia":[{"embeddable":true,"href":"https:\/\/dacompanama.com\/site\/wp-json\/wp\/v2\/media\/4128"}],"wp:attachment":[{"href":"https:\/\/dacompanama.com\/site\/wp-json\/wp\/v2\/media?parent=4162"}],"wp:term":[{"taxonomy":"product_brand","embeddable":true,"href":"https:\/\/dacompanama.com\/site\/wp-json\/wp\/v2\/product_brand?post=4162"},{"taxonomy":"product_cat","embeddable":true,"href":"https:\/\/dacompanama.com\/site\/wp-json\/wp\/v2\/product_cat?post=4162"},{"taxonomy":"product_tag","embeddable":true,"href":"https:\/\/dacompanama.com\/site\/wp-json\/wp\/v2\/product_tag?post=4162"}],"curies":[{"name":"wp","href":"https:\/\/api.w.org\/{rel}","templated":true}]}}