{"id":4158,"date":"2025-03-14T00:06:38","date_gmt":"2025-03-14T00:06:38","guid":{"rendered":"https:\/\/dacompanama.com\/site\/?post_type=product&#038;p=4158"},"modified":"2025-03-14T00:11:39","modified_gmt":"2025-03-14T00:11:39","slug":"impresora-termica-xprinter","status":"publish","type":"product","link":"https:\/\/dacompanama.com\/site\/producto\/impresora-termica-xprinter\/","title":{"rendered":"Impresora t\u00e9rmica Xprinter"},"content":{"rendered":"<div class=\"wp-block-button\">\n<p class=\"cvGsUA direction-ltr align-start para-style-body\"><span class=\"OYPEnA font-feature-liga-off font-feature-clig-off font-feature-calt-off text-decoration-none text-strikethrough-none\">Gracias a su tecnolog\u00eda de impresi\u00f3n t\u00e9rmica no se requiere de tinta ni t\u00f3ner para su funcionamiento. IDEAL PARA RESTAURANTES Y COCINAS, ya que es resistente a salpicaduras, cuenta con alarma y luz LED al imprimir.<\/span><\/p>\n<p class=\"cvGsUA direction-ltr align-start para-style-body\"><strong><span class=\"OYPEnA font-feature-liga-off font-feature-clig-off font-feature-calt-off text-decoration-none text-strikethrough-none\">Caracter\u00edsticas:<\/span><\/strong><\/p>\n<ul>\n<li><span class=\"OYPEnA font-feature-liga-off font-feature-clig-off font-feature-calt-off text-decoration-none text-strikethrough-none\">Impresora t\u00e9rmica para tickets de 80mm<\/span><\/li>\n<li><span class=\"OYPEnA font-feature-liga-off font-feature-clig-off font-feature-calt-off text-decoration-none text-strikethrough-none\">Corte autom\u00e1tico<\/span><\/li>\n<li><span class=\"OYPEnA font-feature-liga-off font-feature-clig-off font-feature-calt-off text-decoration-none text-strikethrough-none\">Impresi\u00f3n t\u00e9rmica directa<\/span><\/li>\n<li><span class=\"OYPEnA font-feature-liga-off font-feature-clig-off font-feature-calt-off text-decoration-none text-strikethrough-none\">Dise\u00f1o compacto y ligero.<\/span><\/li>\n<li><span class=\"OYPEnA font-feature-liga-off font-feature-clig-off font-feature-calt-off text-decoration-none text-strikethrough-none\"><strong>Interfaz:<\/strong> USB y LAN<\/span><\/li>\n<li><span class=\"OYPEnA font-feature-liga-off font-feature-clig-off font-feature-calt-off text-decoration-none text-strikethrough-none\"><strong>Calibraci\u00f3n:<\/strong> Autom\u00e1tica<\/span><\/li>\n<li><span class=\"OYPEnA font-feature-liga-off font-feature-clig-off font-feature-calt-off text-decoration-none text-strikethrough-none\"><strong>Velocidad de impresi\u00f3n:<\/strong> 200 mm\/s<\/span><\/li>\n<li><span class=\"OYPEnA font-feature-liga-off font-feature-clig-off font-feature-calt-off text-decoration-none text-strikethrough-none\">Interfaz para caj\u00f3n de dinero RJ11<\/span><\/li>\n<li><span class=\"OYPEnA font-feature-liga-off font-feature-clig-off font-feature-calt-off text-decoration-none text-strikethrough-none\"><strong>Controladores de impresora:<\/strong> ESC \/ POS, OPOS *<\/span><\/li>\n<li><span class=\"OYPEnA font-feature-liga-off font-feature-clig-off font-feature-calt-off text-decoration-none text-strikethrough-none\"><strong>Sistemas operativos compatibles:<\/strong> Linux y Windows<\/span><\/li>\n<li><span class=\"OYPEnA font-feature-liga-off font-feature-clig-off font-feature-calt-off text-decoration-none text-strikethrough-none\"><strong>Vida \u00fatil del cortador:<\/strong> 1,500,000 cortes<\/span><\/li>\n<\/ul>\n<\/div>\n","protected":false},"excerpt":{"rendered":"<p><span class=\"OYPEnA font-feature-liga-off font-feature-clig-off font-feature-calt-off text-decoration-none text-strikethrough-none\">COMANDA USB \/ LAN &#8211; Con esta impresora t\u00e9rmica de tickets de 80 mm podr\u00e1 emitir tickets a sus clientes vincul\u00e1ndola a su sistema punto de venta. <\/span><\/p>\n<p><img decoding=\"async\" class=\"alignnone wp-image-4129 size-full\" src=\"https:\/\/dacompanama.com\/site\/wp-content\/uploads\/2025\/03\/logo-xprinter.jpg\" alt=\"\" width=\"149\" height=\"41\" \/><\/p>\n","protected":false},"featured_media":4138,"template":"","meta":[],"product_brand":[],"product_cat":[17],"product_tag":[],"class_list":{"0":"post-4158","1":"product","2":"type-product","3":"status-publish","4":"has-post-thumbnail","6":"product_cat-perifericos","7":"","8":"woocommerce-text-align-left","9":"woocommerce-image-align-center","10":"do-quantity-buttons","12":"first","13":"instock","14":"shipping-taxable","15":"product-type-simple"},"_links":{"self":[{"href":"https:\/\/dacompanama.com\/site\/wp-json\/wp\/v2\/product\/4158","targetHints":{"allow":["GET"]}}],"collection":[{"href":"https:\/\/dacompanama.com\/site\/wp-json\/wp\/v2\/product"}],"about":[{"href":"https:\/\/dacompanama.com\/site\/wp-json\/wp\/v2\/types\/product"}],"wp:featuredmedia":[{"embeddable":true,"href":"https:\/\/dacompanama.com\/site\/wp-json\/wp\/v2\/media\/4138"}],"wp:attachment":[{"href":"https:\/\/dacompanama.com\/site\/wp-json\/wp\/v2\/media?parent=4158"}],"wp:term":[{"taxonomy":"product_brand","embeddable":true,"href":"https:\/\/dacompanama.com\/site\/wp-json\/wp\/v2\/product_brand?post=4158"},{"taxonomy":"product_cat","embeddable":true,"href":"https:\/\/dacompanama.com\/site\/wp-json\/wp\/v2\/product_cat?post=4158"},{"taxonomy":"product_tag","embeddable":true,"href":"https:\/\/dacompanama.com\/site\/wp-json\/wp\/v2\/product_tag?post=4158"}],"curies":[{"name":"wp","href":"https:\/\/api.w.org\/{rel}","templated":true}]}}