{"id":4157,"date":"2025-03-13T23:47:58","date_gmt":"2025-03-13T23:47:58","guid":{"rendered":"https:\/\/dacompanama.com\/site\/?post_type=product&#038;p=4157"},"modified":"2025-03-14T00:22:53","modified_gmt":"2025-03-14T00:22:53","slug":"impresora-termica-3nstar","status":"publish","type":"product","link":"https:\/\/dacompanama.com\/site\/producto\/impresora-termica-3nstar\/","title":{"rendered":"Impresora t\u00e9rmica 3nStar"},"content":{"rendered":"<div class=\"wp-block-button\">\n<p class=\"cvGsUA direction-ltr align-start para-style-body\"><span class=\"OYPEnA font-feature-liga-off font-feature-clig-off font-feature-calt-off text-decoration-none text-strikethrough-none\">Adem\u00e1s de su capacidad para montarse en la pared, ofrece interfaces USB y LAN, con la opci\u00f3n de elegir entre interfaces Serial, Bluetooth o Wi-Fi para una mayor versatilidad. Esta impresora incluye controladores compatibles con Windows, Linux, Android, OPOS y JavaPOS, asegurando una integraci\u00f3n sin inconvenientes en diversos sistemas de punto de venta.<\/span><\/p>\n<p class=\"cvGsUA direction-ltr align-start para-style-body\"><strong><span class=\"OYPEnA font-feature-liga-off font-feature-clig-off font-feature-calt-off text-decoration-none text-strikethrough-none\">Caracter\u00edsticas:<\/span><\/strong><\/p>\n<ul>\n<li><span class=\"OYPEnA font-feature-liga-off font-feature-clig-off font-feature-calt-off text-decoration-none text-strikethrough-none\"><strong>Dimensiones:<\/strong> 180mm (L) \u00d7 140mm (W) \u00d7 134.1mm (H)<\/span><\/li>\n<li><span class=\"OYPEnA font-feature-liga-off font-feature-clig-off font-feature-calt-off text-decoration-none text-strikethrough-none\"><strong>Peso:<\/strong> Neto 0.97Kg<\/span><\/li>\n<li><span class=\"OYPEnA font-feature-liga-off font-feature-clig-off font-feature-calt-off text-decoration-none text-strikethrough-none\"><strong>M\u00e9todo de impresi\u00f3n:<\/strong> T\u00e9rmica<\/span><\/li>\n<li><span class=\"OYPEnA font-feature-liga-off font-feature-clig-off font-feature-calt-off text-decoration-none text-strikethrough-none\"><strong>Velocidad de impresi\u00f3n RPT006:<\/strong> 200 mm\/s RPT006 S\/B\/W: 260 mm\/s<\/span><\/li>\n<li><span class=\"OYPEnA font-feature-liga-off font-feature-clig-off font-feature-calt-off text-decoration-none text-strikethrough-none\">Sensor Sin papel, cubierta abierta, orden entrante<\/span><\/li>\n<li><span class=\"OYPEnA font-feature-liga-off font-feature-clig-off font-feature-calt-off text-decoration-none text-strikethrough-none\">Puerto para gaveta 1 puerto DC 24V<\/span><\/li>\n<li><span class=\"OYPEnA font-feature-liga-off font-feature-clig-off font-feature-calt-off text-decoration-none text-strikethrough-none\"><strong>Memoria:<\/strong> NV Flash 256K, Buffer 64K Vida \u00fatil del cabezal 150Km T<\/span><\/li>\n<li><span class=\"OYPEnA font-feature-liga-off font-feature-clig-off font-feature-calt-off text-decoration-none text-strikethrough-none\">Guillotina Vida \u00fatil auto cortador 1,500,000 cortes<\/span><\/li>\n<li><span class=\"OYPEnA font-feature-liga-off font-feature-clig-off font-feature-calt-off text-decoration-none text-strikethrough-none\"><strong>Interfaces:<\/strong> RPT006: USB, LAN RPT006S: USB, LAN, Serial RPT006B: USB, LAN, Bluetooth RPT006W: USB, LAN, Wi-Fi<\/span><\/li>\n<\/ul>\n<\/div>\n<p>&nbsp;<\/p>\n","protected":false},"excerpt":{"rendered":"<p><span class=\"OYPEnA font-feature-liga-off font-feature-clig-off font-feature-calt-off text-decoration-none text-strikethrough-none\">COMANDA SERIAL \/ USB \/ LAN &#8211; Ofrece econom\u00eda, confiabilidad y dise\u00f1o estilizado, construida con componentes de alta gama, mecanismo de alta calidad y f\u00e1cil de configurar. <\/span><\/p>\n<p><img decoding=\"async\" class=\"alignnone wp-image-3564\" src=\"https:\/\/dacompanama.com\/site\/wp-content\/uploads\/2020\/10\/logo_3nStar-Panama.png\" alt=\"\" width=\"165\" height=\"50\" \/><\/p>\n","protected":false},"featured_media":4125,"template":"","meta":[],"product_brand":[],"product_cat":[17],"product_tag":[],"class_list":{"0":"post-4157","1":"product","2":"type-product","3":"status-publish","4":"has-post-thumbnail","6":"product_cat-perifericos","7":"","8":"woocommerce-text-align-left","9":"woocommerce-image-align-center","10":"do-quantity-buttons","12":"first","13":"instock","14":"shipping-taxable","15":"product-type-simple"},"_links":{"self":[{"href":"https:\/\/dacompanama.com\/site\/wp-json\/wp\/v2\/product\/4157","targetHints":{"allow":["GET"]}}],"collection":[{"href":"https:\/\/dacompanama.com\/site\/wp-json\/wp\/v2\/product"}],"about":[{"href":"https:\/\/dacompanama.com\/site\/wp-json\/wp\/v2\/types\/product"}],"wp:featuredmedia":[{"embeddable":true,"href":"https:\/\/dacompanama.com\/site\/wp-json\/wp\/v2\/media\/4125"}],"wp:attachment":[{"href":"https:\/\/dacompanama.com\/site\/wp-json\/wp\/v2\/media?parent=4157"}],"wp:term":[{"taxonomy":"product_brand","embeddable":true,"href":"https:\/\/dacompanama.com\/site\/wp-json\/wp\/v2\/product_brand?post=4157"},{"taxonomy":"product_cat","embeddable":true,"href":"https:\/\/dacompanama.com\/site\/wp-json\/wp\/v2\/product_cat?post=4157"},{"taxonomy":"product_tag","embeddable":true,"href":"https:\/\/dacompanama.com\/site\/wp-json\/wp\/v2\/product_tag?post=4157"}],"curies":[{"name":"wp","href":"https:\/\/api.w.org\/{rel}","templated":true}]}}