{"id":4148,"date":"2025-03-13T22:54:46","date_gmt":"2025-03-13T22:54:46","guid":{"rendered":"https:\/\/dacompanama.com\/site\/?post_type=product&#038;p=4148"},"modified":"2025-03-13T22:58:12","modified_gmt":"2025-03-13T22:58:12","slug":"pos-15-6-system-all-in-one","status":"publish","type":"product","link":"https:\/\/dacompanama.com\/site\/producto\/pos-15-6-system-all-in-one\/","title":{"rendered":"POS 15.6 System (All in One)"},"content":{"rendered":"<p class=\"cvGsUA direction-ltr align-start para-style-body\"><span class=\"OYPEnA font-feature-liga-off font-feature-clig-off font-feature-calt-off text-decoration-none text-strikethrough-none\">Gracias a su dise\u00f1o integrado y sus avanzadas caracter\u00edsticas, proporciona una experiencia fluida, r\u00e1pida y estable para realizar tareas comerciales, gestionar ventas y m\u00e1s.<\/span><\/p>\n<p class=\"cvGsUA direction-ltr align-start para-style-body\"><strong><span class=\"OYPEnA font-feature-liga-off font-feature-clig-off font-feature-calt-off text-decoration-none text-strikethrough-none\">Caracteristicas:<\/span><\/strong><\/p>\n<ul>\n<li><span class=\"OYPEnA font-feature-liga-off font-feature-clig-off font-feature-calt-off text-decoration-none text-strikethrough-none\"><strong>Eficiencia y rapidez:<\/strong> Con el procesador Intel CORE i5 y 8 GB de RAM, puedes realizar m\u00faltiples tareas de manera r\u00e1pida y sin interrupciones.<\/span><\/li>\n<li><span class=\"OYPEnA font-feature-liga-off font-feature-clig-off font-feature-calt-off text-decoration-none text-strikethrough-none\"><strong>Almacenamiento veloz:<\/strong> El disco SSD de 128 GB asegura arranques r\u00e1pidos y una respuesta \u00e1gil para trabajar sin demoras.<\/span><\/li>\n<li><span class=\"OYPEnA font-feature-liga-off font-feature-clig-off font-feature-calt-off text-decoration-none text-strikethrough-none\"><strong>Conectividad completa:<\/strong> Viene con opciones de conexi\u00f3n WiFi y LAN, lo que permite una conectividad estable en cualquier entorno comercial.<\/span><\/li>\n<li><span class=\"OYPEnA font-feature-liga-off font-feature-clig-off font-feature-calt-off text-decoration-none text-strikethrough-none\"><strong>Comodidad e integraci\u00f3n:<\/strong> Su display de precio integrado facilita la visualizaci\u00f3n de informaci\u00f3n de manera clara y directa, optimizando el espacio y la funcionalidad.<\/span><\/li>\n<li><span class=\"OYPEnA font-feature-liga-off font-feature-clig-off font-feature-calt-off text-decoration-none text-strikethrough-none\"><strong>Estabilidad:<\/strong> La base robusta proporciona mayor estabilidad, evitando movimientos no deseados y garantizando durabilidad a largo plazo.<\/span><\/li>\n<\/ul>\n","protected":false},"excerpt":{"rendered":"<p><span class=\"OYPEnA font-feature-liga-off font-feature-clig-off font-feature-calt-off text-decoration-none text-strikethrough-none\">Este Pos (ALL-IN-ONE), equipo Todo en 1, es la soluci\u00f3n ideal para negocios que requieren un dispositivo eficiente, compacto y con un rendimiento excelente.<\/span><\/p>\n","protected":false},"featured_media":4132,"template":"","meta":[],"product_brand":[],"product_cat":[33],"product_tag":[],"class_list":{"0":"post-4148","1":"product","2":"type-product","3":"status-publish","4":"has-post-thumbnail","6":"product_cat-pos","7":"","8":"woocommerce-text-align-left","9":"woocommerce-image-align-center","10":"do-quantity-buttons","12":"first","13":"instock","14":"shipping-taxable","15":"product-type-simple"},"_links":{"self":[{"href":"https:\/\/dacompanama.com\/site\/wp-json\/wp\/v2\/product\/4148","targetHints":{"allow":["GET"]}}],"collection":[{"href":"https:\/\/dacompanama.com\/site\/wp-json\/wp\/v2\/product"}],"about":[{"href":"https:\/\/dacompanama.com\/site\/wp-json\/wp\/v2\/types\/product"}],"wp:featuredmedia":[{"embeddable":true,"href":"https:\/\/dacompanama.com\/site\/wp-json\/wp\/v2\/media\/4132"}],"wp:attachment":[{"href":"https:\/\/dacompanama.com\/site\/wp-json\/wp\/v2\/media?parent=4148"}],"wp:term":[{"taxonomy":"product_brand","embeddable":true,"href":"https:\/\/dacompanama.com\/site\/wp-json\/wp\/v2\/product_brand?post=4148"},{"taxonomy":"product_cat","embeddable":true,"href":"https:\/\/dacompanama.com\/site\/wp-json\/wp\/v2\/product_cat?post=4148"},{"taxonomy":"product_tag","embeddable":true,"href":"https:\/\/dacompanama.com\/site\/wp-json\/wp\/v2\/product_tag?post=4148"}],"curies":[{"name":"wp","href":"https:\/\/api.w.org\/{rel}","templated":true}]}}