{"id":4088,"date":"2025-03-12T22:26:44","date_gmt":"2025-03-12T22:26:44","guid":{"rendered":"https:\/\/dacompanama.com\/site\/?post_type=product&#038;p=4088"},"modified":"2025-03-12T22:36:45","modified_gmt":"2025-03-12T22:36:45","slug":"caja-registradora-portatil-smart-dtp-7","status":"publish","type":"product","link":"https:\/\/dacompanama.com\/site\/producto\/caja-registradora-portatil-smart-dtp-7\/","title":{"rendered":"Caja Registradora Portatil Smart DTP 7"},"content":{"rendered":"<p class=\"cvGsUA direction-ltr align-start para-style-body\"><span class=\"OYPEnA font-feature-liga-off font-feature-clig-off font-feature-calt-off text-decoration-none text-strikethrough-none\">Emite documentos de Facturas, Notas de Cr\u00e9dito, Notas de D\u00e9bito y Reportes X, Reportes Z, Reportes de PLU, Departamentos, Cajeros e Impuestos. Tambi\u00e9n permite la reimpresi\u00f3n de documentos.<\/span><\/p>\n<p class=\"cvGsUA direction-ltr align-start para-style-body\"><span class=\"OYPEnA font-feature-liga-off font-feature-clig-off font-feature-calt-off text-decoration-none text-strikethrough-none\">Cuenta con dispositivo de comunicaci\u00f3n integrado para la transmisi\u00f3n de datos hacia la DGI.<\/span><\/p>\n<p class=\"cvGsUA direction-ltr align-start para-style-body\"><strong><span class=\"OYPEnA font-feature-liga-off font-feature-clig-off font-feature-calt-off text-decoration-none text-strikethrough-none\">Caracter\u00edsticas:<\/span><\/strong><\/p>\n<ul>\n<li><span class=\"OYPEnA font-feature-liga-off font-feature-clig-off font-feature-calt-off text-decoration-none text-strikethrough-none\">Memoria fiscal hasta 3750 Reportes Z (equivalente a 10 a\u00f1os aprox.)<\/span><\/li>\n<li><span class=\"OYPEnA font-feature-liga-off font-feature-clig-off font-feature-calt-off text-decoration-none text-strikethrough-none\">Impresi\u00f3n t\u00e9rmica en papel de 57mm de ancho.<\/span><\/li>\n<li><span class=\"OYPEnA font-feature-liga-off font-feature-clig-off font-feature-calt-off text-decoration-none text-strikethrough-none\">Bater\u00eda de respaldo.<\/span><\/li>\n<li><span class=\"OYPEnA font-feature-liga-off font-feature-clig-off font-feature-calt-off text-decoration-none text-strikethrough-none\">Comunicaciones Ethernet\/WiFi\/Bluetooth.<\/span><\/li>\n<li><span class=\"OYPEnA font-feature-liga-off font-feature-clig-off font-feature-calt-off text-decoration-none text-strikethrough-none\">Pantalla T\u00e1ctil de 7\u201d.<\/span><\/li>\n<li><span class=\"OYPEnA font-feature-liga-off font-feature-clig-off font-feature-calt-off text-decoration-none text-strikethrough-none\">Procesador Quad Core 1.5GHz.<\/span><\/li>\n<li><span class=\"OYPEnA font-feature-liga-off font-feature-clig-off font-feature-calt-off text-decoration-none text-strikethrough-none\">1 a\u00f1o de Garant\u00eda<\/span><span class=\"OYPEnA font-feature-liga-off font-feature-clig-off font-feature-calt-off text-decoration-none text-strikethrough-none\">.<\/span><\/li>\n<\/ul>\n","protected":false},"excerpt":{"rendered":"<p><span class=\"OYPEnA font-feature-liga-off font-feature-clig-off font-feature-calt-off text-decoration-none text-strikethrough-none\">Equipo fiscal ideal para todo tipo de negocio Minorista, Peluquer\u00edas, Servicios a Domicilio, Restaurantes, Almacenes, Farmacias, y m\u00e1s.<\/span><\/p>\n<p><img decoding=\"async\" class=\"alignnone wp-image-4090 size-full\" src=\"https:\/\/dacompanama.com\/site\/wp-content\/uploads\/2025\/03\/logo-devtech.jpg\" alt=\"\" width=\"210\" height=\"41\" \/><\/p>\n","protected":false},"featured_media":4089,"template":"","meta":[],"product_brand":[],"product_cat":[23],"product_tag":[],"class_list":{"0":"post-4088","1":"product","2":"type-product","3":"status-publish","4":"has-post-thumbnail","6":"product_cat-cajas-registradoras","7":"","8":"woocommerce-text-align-left","9":"woocommerce-image-align-center","10":"do-quantity-buttons","12":"first","13":"instock","14":"shipping-taxable","15":"product-type-simple"},"_links":{"self":[{"href":"https:\/\/dacompanama.com\/site\/wp-json\/wp\/v2\/product\/4088","targetHints":{"allow":["GET"]}}],"collection":[{"href":"https:\/\/dacompanama.com\/site\/wp-json\/wp\/v2\/product"}],"about":[{"href":"https:\/\/dacompanama.com\/site\/wp-json\/wp\/v2\/types\/product"}],"wp:featuredmedia":[{"embeddable":true,"href":"https:\/\/dacompanama.com\/site\/wp-json\/wp\/v2\/media\/4089"}],"wp:attachment":[{"href":"https:\/\/dacompanama.com\/site\/wp-json\/wp\/v2\/media?parent=4088"}],"wp:term":[{"taxonomy":"product_brand","embeddable":true,"href":"https:\/\/dacompanama.com\/site\/wp-json\/wp\/v2\/product_brand?post=4088"},{"taxonomy":"product_cat","embeddable":true,"href":"https:\/\/dacompanama.com\/site\/wp-json\/wp\/v2\/product_cat?post=4088"},{"taxonomy":"product_tag","embeddable":true,"href":"https:\/\/dacompanama.com\/site\/wp-json\/wp\/v2\/product_tag?post=4088"}],"curies":[{"name":"wp","href":"https:\/\/api.w.org\/{rel}","templated":true}]}}