{"id":4085,"date":"2025-03-12T17:56:49","date_gmt":"2025-03-12T17:56:49","guid":{"rendered":"https:\/\/dacompanama.com\/site\/?post_type=product&#038;p=4085"},"modified":"2025-03-12T18:15:50","modified_gmt":"2025-03-12T18:15:50","slug":"dispositivo-sunmi-v2","status":"publish","type":"product","link":"https:\/\/dacompanama.com\/site\/producto\/dispositivo-sunmi-v2\/","title":{"rendered":"Dispositivo Sunmi V2"},"content":{"rendered":"<p class=\"cvGsUA direction-ltr align-start para-style-body\"><span class=\"OYPEnA font-feature-liga-off font-feature-clig-off font-feature-calt-off text-decoration-none text-strikethrough-none\">La bater\u00eda de gran capacidad garantiza un funcionamiento continuo durante todo el turno de trabajo para que cada empleado pueda realizar su labor con eficiencia.<\/span><\/p>\n<p class=\"cvGsUA direction-ltr align-start para-style-body\"><strong>Caracter\u00edsticas:<\/strong><\/p>\n<ul>\n<li class=\"cvGsUA direction-ltr align-start para-style-body\"><span class=\"OYPEnA font-feature-liga-off font-feature-clig-off font-feature-calt-off text-decoration-none text-strikethrough-none\">Modelo Aprobado. T5940<\/span><\/li>\n<li class=\"cvGsUA direction-ltr align-start para-style-body\">Sistema Operativo: SUNMI OS (*basado en Android 11) CP Cuatro N\u00facleos a 2.0 GHz<\/li>\n<li class=\"cvGsUA direction-ltr align-start para-style-body\">Memoria: 2GB RAM+16GB ROM<\/li>\n<li class=\"cvGsUA direction-ltr align-start para-style-body\">Pantalla: 5.5\u201d HD+, 1440\u00d7720, 18:9 IPS<\/li>\n<li class=\"cvGsUA direction-ltr align-start para-style-body\">C\u00e1mara: Trasera: Enfoque autom\u00e1tico de 5.0 MP con flash LED Soporta lectura de c\u00f3digos de barras 1D\/2D NFC<\/li>\n<\/ul>\n","protected":false},"excerpt":{"rendered":"<p><span class=\"OYPEnA font-feature-liga-off font-feature-clig-off font-feature-calt-off text-decoration-none text-strikethrough-none\">Gesti\u00f3n de colas, pedidos, toma de pedidos en l\u00ednea, lectura de tarjeta de socio o gesti\u00f3n de pagos, V2s es el dispositivo que puede admitirlos todos.<\/span><\/p>\n<p><img decoding=\"async\" class=\"alignnone wp-image-4086 size-full\" src=\"https:\/\/dacompanama.com\/site\/wp-content\/uploads\/2025\/03\/logo-Sunmi.jpg\" alt=\"\" width=\"180\" height=\"46\" \/><\/p>\n","protected":false},"featured_media":4070,"template":"","meta":[],"product_brand":[],"product_cat":[32],"product_tag":[],"class_list":{"0":"post-4085","1":"product","2":"type-product","3":"status-publish","4":"has-post-thumbnail","6":"product_cat-facturacion-electronica","7":"","8":"woocommerce-text-align-left","9":"woocommerce-image-align-center","10":"do-quantity-buttons","12":"first","13":"instock","14":"shipping-taxable","15":"product-type-simple"},"_links":{"self":[{"href":"https:\/\/dacompanama.com\/site\/wp-json\/wp\/v2\/product\/4085","targetHints":{"allow":["GET"]}}],"collection":[{"href":"https:\/\/dacompanama.com\/site\/wp-json\/wp\/v2\/product"}],"about":[{"href":"https:\/\/dacompanama.com\/site\/wp-json\/wp\/v2\/types\/product"}],"wp:featuredmedia":[{"embeddable":true,"href":"https:\/\/dacompanama.com\/site\/wp-json\/wp\/v2\/media\/4070"}],"wp:attachment":[{"href":"https:\/\/dacompanama.com\/site\/wp-json\/wp\/v2\/media?parent=4085"}],"wp:term":[{"taxonomy":"product_brand","embeddable":true,"href":"https:\/\/dacompanama.com\/site\/wp-json\/wp\/v2\/product_brand?post=4085"},{"taxonomy":"product_cat","embeddable":true,"href":"https:\/\/dacompanama.com\/site\/wp-json\/wp\/v2\/product_cat?post=4085"},{"taxonomy":"product_tag","embeddable":true,"href":"https:\/\/dacompanama.com\/site\/wp-json\/wp\/v2\/product_tag?post=4085"}],"curies":[{"name":"wp","href":"https:\/\/api.w.org\/{rel}","templated":true}]}}