{"id":4084,"date":"2025-03-12T17:38:04","date_gmt":"2025-03-12T17:38:04","guid":{"rendered":"https:\/\/dacompanama.com\/site\/?post_type=product&#038;p=4084"},"modified":"2025-03-12T17:40:25","modified_gmt":"2025-03-12T17:40:25","slug":"caja-registradora-fiscat-portatil","status":"publish","type":"product","link":"https:\/\/dacompanama.com\/site\/producto\/caja-registradora-fiscat-portatil\/","title":{"rendered":"Caja Registradora Fiscat Port\u00e1til"},"content":{"rendered":"<p class=\"cvGsUA direction-ltr align-start para-style-body\"><span class=\"OYPEnA font-feature-liga-off font-feature-clig-off font-feature-calt-off text-decoration-none text-strikethrough-none\">Esta m\u00e1quina registradora es resistente, compacta y f\u00e1cil de usar, lo que la convierte en la soluci\u00f3n perfecta para mercados, ferias, food trucks, eventos o cualquier actividad fuera de un establecimiento tradicional.<\/span><\/p>\n<p class=\"cvGsUA direction-ltr align-start para-style-body\"><strong><span class=\"OYPEnA font-feature-liga-off font-feature-clig-off font-feature-calt-off text-decoration-none text-strikethrough-none\">Caracter\u00edsticas:<\/span><\/strong><\/p>\n<ul>\n<li class=\"cvGsUA direction-ltr align-start para-style-body\"><span class=\"OYPEnA font-feature-liga-off font-feature-clig-off font-feature-calt-off text-decoration-none text-strikethrough-none\">Pantalla de usuario LCD grande de 6 l\u00edneas<\/span><\/li>\n<li class=\"cvGsUA direction-ltr align-start para-style-body\">Gran pantalla cliente OLED de 4 l\u00edneas<\/li>\n<li class=\"cvGsUA direction-ltr align-start para-style-body\">Visualizaci\u00f3n de logotipos graficos<\/li>\n<li class=\"cvGsUA direction-ltr align-start para-style-body\">Claramente visible en la oscuridad<\/li>\n<li class=\"cvGsUA direction-ltr align-start para-style-body\">Dise\u00f1o de papel de carga f\u00e1cil impresi\u00f3n r\u00e1pida de 100 mm<\/li>\n<li class=\"cvGsUA direction-ltr align-start para-style-body\">Teclado grande con teclas impermeables<\/li>\n<li class=\"cvGsUA direction-ltr align-start para-style-body\">Interfaz: conexiones portuarias de f\u00e1cil acceso lateral, Wifi incorporado, bluetooth, GPR incorporado.<\/li>\n<li class=\"cvGsUA direction-ltr align-start para-style-body\">Escaneo de c\u00f3digo de barras incorporado 1D\/2D<\/li>\n<li class=\"cvGsUA direction-ltr align-start para-style-body\">Bater\u00eda de litio incorporada<\/li>\n<\/ul>\n","protected":false},"excerpt":{"rendered":"<p><span class=\"OYPEnA font-feature-liga-off font-feature-clig-off font-feature-calt-off text-decoration-none text-strikethrough-none\">Dise\u00f1ada especialmente para ofrecerte un rendimiento excepcional en entornos al aire libre.<\/span><\/p>\n<p><img decoding=\"async\" class=\"alignnone wp-image-4082 size-full\" src=\"https:\/\/dacompanama.com\/site\/wp-content\/uploads\/2025\/03\/logo-fiscat.jpg\" alt=\"\" width=\"158\" height=\"50\" \/><\/p>\n","protected":false},"featured_media":4065,"template":"","meta":[],"product_brand":[],"product_cat":[32],"product_tag":[],"class_list":{"0":"post-4084","1":"product","2":"type-product","3":"status-publish","4":"has-post-thumbnail","6":"product_cat-facturacion-electronica","7":"","8":"woocommerce-text-align-left","9":"woocommerce-image-align-center","10":"do-quantity-buttons","12":"first","13":"instock","14":"shipping-taxable","15":"product-type-simple"},"_links":{"self":[{"href":"https:\/\/dacompanama.com\/site\/wp-json\/wp\/v2\/product\/4084","targetHints":{"allow":["GET"]}}],"collection":[{"href":"https:\/\/dacompanama.com\/site\/wp-json\/wp\/v2\/product"}],"about":[{"href":"https:\/\/dacompanama.com\/site\/wp-json\/wp\/v2\/types\/product"}],"wp:featuredmedia":[{"embeddable":true,"href":"https:\/\/dacompanama.com\/site\/wp-json\/wp\/v2\/media\/4065"}],"wp:attachment":[{"href":"https:\/\/dacompanama.com\/site\/wp-json\/wp\/v2\/media?parent=4084"}],"wp:term":[{"taxonomy":"product_brand","embeddable":true,"href":"https:\/\/dacompanama.com\/site\/wp-json\/wp\/v2\/product_brand?post=4084"},{"taxonomy":"product_cat","embeddable":true,"href":"https:\/\/dacompanama.com\/site\/wp-json\/wp\/v2\/product_cat?post=4084"},{"taxonomy":"product_tag","embeddable":true,"href":"https:\/\/dacompanama.com\/site\/wp-json\/wp\/v2\/product_tag?post=4084"}],"curies":[{"name":"wp","href":"https:\/\/api.w.org\/{rel}","templated":true}]}}