{"id":4080,"date":"2025-03-12T17:08:14","date_gmt":"2025-03-12T17:08:14","guid":{"rendered":"https:\/\/dacompanama.com\/site\/?post_type=product&#038;p=4080"},"modified":"2025-03-12T17:31:31","modified_gmt":"2025-03-12T17:31:31","slug":"caja-registradora-flow-pro","status":"publish","type":"product","link":"https:\/\/dacompanama.com\/site\/producto\/caja-registradora-flow-pro\/","title":{"rendered":"Caja Registradora Flow Pro"},"content":{"rendered":"<p class=\"cvGsUA direction-ltr align-start para-style-body\"><span class=\"OYPEnA font-feature-liga-off font-feature-clig-off font-feature-calt-off text-decoration-none text-strikethrough-none\">Port\u00e1til con bater\u00eda interna de respaldo para contingencia cuando no haya suministro de corriente. Emite facturas, notas de cr\u00e9dito, notas de d\u00e9bito, notas de cr\u00e9dito referenciadas y notas de d\u00e9bito referenciadas. No requiere memoria fiscal y puede generar hasta 3000 <\/span><span class=\"OYPEnA font-feature-liga-off font-feature-clig-off font-feature-calt-off text-decoration-none text-strikethrough-none\">reportes diarios almacenados en la memoria flash.<\/span><\/p>\n<p class=\"cvGsUA direction-ltr align-start para-style-body\"><strong><span class=\"OYPEnA font-feature-liga-off font-feature-clig-off font-feature-calt-off text-decoration-none text-strikethrough-none\">Caracter\u00edsticas:<\/span><\/strong><\/p>\n<ul>\n<li class=\"cvGsUA direction-ltr align-start para-style-body\"><span class=\"OYPEnA font-feature-liga-off font-feature-clig-off font-feature-calt-off text-decoration-none text-strikethrough-none\">Dimensiones: 206 x 96 x 71 mm<\/span><\/li>\n<li class=\"cvGsUA direction-ltr align-start para-style-body\">Peso: Alrededor de 0,9 KG<\/li>\n<li class=\"cvGsUA direction-ltr align-start para-style-body\">Tipo de Impresi\u00f3n: T\u00e9rmica<\/li>\n<li class=\"cvGsUA direction-ltr align-start para-style-body\">Velocidad de Impresi\u00f3n 80 mm\/seg (mil\u00edmetros por segundo)<\/li>\n<li class=\"cvGsUA direction-ltr align-start para-style-body\">Programa para PC: PcUtility &amp; EasyLoader tool<\/li>\n<li class=\"cvGsUA direction-ltr align-start para-style-body\">Registro de Clientes: Almacenamiento de datos de clientes (Hasta 1000 clientes) Max (Productos) 3000<\/li>\n<li class=\"cvGsUA direction-ltr align-start para-style-body\">Tasas de Impuestos: <span class=\"OYPEnA font-feature-liga-off font-feature-clig-off font-feature-calt-off text-decoration-none text-strikethrough-none\">4 tasas de impuesto configurables + exento Reportes diarios<\/span><\/li>\n<li class=\"cvGsUA direction-ltr align-start para-style-body\">Hasta 3000 Reportes Z<\/li>\n<li class=\"cvGsUA direction-ltr align-start para-style-body\">INTERFACES: <span class=\"OYPEnA font-feature-liga-off font-feature-clig-off font-feature-calt-off text-decoration-none text-strikethrough-none\">Puerto (RJ12) Comunicaci\u00f3n con gaveta Puerto Serial (conector RS232) Comunicaci\u00f3n con PC Puertos USB Puerto USB OTG Puerto Ethernet (conector RJ45A) Conexi\u00f3n con PC y comunicaci\u00f3n a interne<\/span><\/li>\n<\/ul>\n","protected":false},"excerpt":{"rendered":"<p><span class=\"OYPEnA font-feature-liga-off font-feature-clig-off font-feature-calt-off text-decoration-none text-strikethrough-none\">Cuenta con Sistema de Facturaci\u00f3n Electr\u00f3nica que cumple los requerimientos de la DGI. <\/span><\/p>\n<p><img decoding=\"async\" class=\"alignnone wp-image-4082 size-full\" src=\"https:\/\/dacompanama.com\/site\/wp-content\/uploads\/2025\/03\/logo-fiscat.jpg\" alt=\"\" width=\"158\" height=\"50\" \/><\/p>\n","protected":false},"featured_media":4067,"template":"","meta":[],"product_brand":[],"product_cat":[32],"product_tag":[],"class_list":{"0":"post-4080","1":"product","2":"type-product","3":"status-publish","4":"has-post-thumbnail","6":"product_cat-facturacion-electronica","7":"","8":"woocommerce-text-align-left","9":"woocommerce-image-align-center","10":"do-quantity-buttons","12":"first","13":"instock","14":"shipping-taxable","15":"product-type-simple"},"_links":{"self":[{"href":"https:\/\/dacompanama.com\/site\/wp-json\/wp\/v2\/product\/4080","targetHints":{"allow":["GET"]}}],"collection":[{"href":"https:\/\/dacompanama.com\/site\/wp-json\/wp\/v2\/product"}],"about":[{"href":"https:\/\/dacompanama.com\/site\/wp-json\/wp\/v2\/types\/product"}],"wp:featuredmedia":[{"embeddable":true,"href":"https:\/\/dacompanama.com\/site\/wp-json\/wp\/v2\/media\/4067"}],"wp:attachment":[{"href":"https:\/\/dacompanama.com\/site\/wp-json\/wp\/v2\/media?parent=4080"}],"wp:term":[{"taxonomy":"product_brand","embeddable":true,"href":"https:\/\/dacompanama.com\/site\/wp-json\/wp\/v2\/product_brand?post=4080"},{"taxonomy":"product_cat","embeddable":true,"href":"https:\/\/dacompanama.com\/site\/wp-json\/wp\/v2\/product_cat?post=4080"},{"taxonomy":"product_tag","embeddable":true,"href":"https:\/\/dacompanama.com\/site\/wp-json\/wp\/v2\/product_tag?post=4080"}],"curies":[{"name":"wp","href":"https:\/\/api.w.org\/{rel}","templated":true}]}}