{"id":4079,"date":"2025-03-12T16:53:43","date_gmt":"2025-03-12T16:53:43","guid":{"rendered":"https:\/\/dacompanama.com\/site\/?post_type=product&#038;p=4079"},"modified":"2025-03-25T17:04:54","modified_gmt":"2025-03-25T17:04:54","slug":"dispositivo-imin-swan","status":"publish","type":"product","link":"https:\/\/dacompanama.com\/site\/producto\/dispositivo-imin-swan\/","title":{"rendered":"Dispositivo iMin Swan"},"content":{"rendered":"<p class=\"cvGsUA direction-ltr align-start para-style-body\"><span class=\"OYPEnA font-feature-liga-off font-feature-clig-off font-feature-calt-off text-decoration-none text-strikethrough-none\">Con \u00e9l, podr\u00e1s maximizar la eficiencia y minimizar los tiempos de espera, todo con un solo clic.<\/span><\/p>\n<p class=\"cvGsUA direction-ltr align-start para-style-body\"><span class=\"OYPEnA font-feature-liga-off font-feature-clig-off font-feature-calt-off text-decoration-none text-strikethrough-none\">Dise\u00f1ado para adaptarse a las necesidades de tu negocio, es el aliado perfecto para alcanzar tus objetivos d<\/span><span class=\"OYPEnA font-feature-liga-off font-feature-clig-off font-feature-calt-off text-decoration-none text-strikethrough-none\">e productividad. Su dise\u00f1o compacto y su f\u00e1cil integraci\u00f3n lo convierten en una herramienta imprescindible para cualquier entorno laboral.<\/span><\/p>\n<p class=\"cvGsUA direction-ltr align-start para-style-body\"><strong><span class=\"OYPEnA font-feature-liga-off font-feature-clig-off font-feature-calt-off text-decoration-none text-strikethrough-none\">Caracter\u00edsticas:<\/span><\/strong><\/p>\n<ul>\n<li><span class=\"OYPEnA font-feature-liga-off font-feature-clig-off font-feature-calt-off text-decoration-none text-strikethrough-none\">Procesador: Quad-Core ARM Cortex \u2013 A55, 2.0 GHZ<\/span><\/li>\n<li><span class=\"OYPEnA font-feature-liga-off font-feature-clig-off font-feature-calt-off text-decoration-none text-strikethrough-none\">Sistema: Android 11 serie iMin UI<\/span><\/li>\n<li><span class=\"OYPEnA font-feature-liga-off font-feature-clig-off font-feature-calt-off text-decoration-none text-strikethrough-none\">Pantalla: Pantalla tactil multiproposito \/\/ Principal, 15.6\u2033 1920 * 1080 \/\/ Secundaria, 10.1\u2033 1280 * 800 (Se vende por separado) \/\/ NFC (opcional)<\/span><\/li>\n<li><span class=\"OYPEnA font-feature-liga-off font-feature-clig-off font-feature-calt-off text-decoration-none text-strikethrough-none\">Conectividad: Ethernet 1000M \/\/ Bluetooth 4.2 \/\/ Wi-Fi 802.11 a\/b\/g\/n\/ac<\/span><\/li>\n<li><span class=\"OYPEnA font-feature-liga-off font-feature-clig-off font-feature-calt-off text-decoration-none text-strikethrough-none\">Memoria: RAM 2GB\/4GB \/\/ ROM 16GB\/32GB<\/span><\/li>\n<\/ul>\n","protected":false},"excerpt":{"rendered":"<p><span class=\"OYPEnA font-feature-liga-off font-feature-clig-off font-feature-calt-off text-decoration-none text-strikethrough-none\">Combina tecnolog\u00eda de vanguardia con una interfaz intuitiva, ofreci\u00e9ndote un control total sobre tus operaciones. <\/span><\/p>\n<p><img decoding=\"async\" class=\"alignnone wp-image-4074\" src=\"https:\/\/dacompanama.com\/site\/wp-content\/uploads\/2025\/03\/imin-logo-300x86-1.png\" alt=\"\" width=\"143\" height=\"41\" \/><\/p>\n","protected":false},"featured_media":4301,"template":"","meta":[],"product_brand":[],"product_cat":[32],"product_tag":[],"class_list":{"0":"post-4079","1":"product","2":"type-product","3":"status-publish","4":"has-post-thumbnail","6":"product_cat-facturacion-electronica","7":"","8":"woocommerce-text-align-left","9":"woocommerce-image-align-center","10":"do-quantity-buttons","11":"wc-has-gallery","13":"first","14":"instock","15":"shipping-taxable","16":"product-type-simple"},"_links":{"self":[{"href":"https:\/\/dacompanama.com\/site\/wp-json\/wp\/v2\/product\/4079","targetHints":{"allow":["GET"]}}],"collection":[{"href":"https:\/\/dacompanama.com\/site\/wp-json\/wp\/v2\/product"}],"about":[{"href":"https:\/\/dacompanama.com\/site\/wp-json\/wp\/v2\/types\/product"}],"wp:featuredmedia":[{"embeddable":true,"href":"https:\/\/dacompanama.com\/site\/wp-json\/wp\/v2\/media\/4301"}],"wp:attachment":[{"href":"https:\/\/dacompanama.com\/site\/wp-json\/wp\/v2\/media?parent=4079"}],"wp:term":[{"taxonomy":"product_brand","embeddable":true,"href":"https:\/\/dacompanama.com\/site\/wp-json\/wp\/v2\/product_brand?post=4079"},{"taxonomy":"product_cat","embeddable":true,"href":"https:\/\/dacompanama.com\/site\/wp-json\/wp\/v2\/product_cat?post=4079"},{"taxonomy":"product_tag","embeddable":true,"href":"https:\/\/dacompanama.com\/site\/wp-json\/wp\/v2\/product_tag?post=4079"}],"curies":[{"name":"wp","href":"https:\/\/api.w.org\/{rel}","templated":true}]}}