{"id":3941,"date":"2021-11-25T02:35:13","date_gmt":"2021-11-25T02:35:13","guid":{"rendered":"https:\/\/dacompanama.com\/site\/?post_type=product&#038;p=3941"},"modified":"2021-11-25T02:35:14","modified_gmt":"2021-11-25T02:35:14","slug":"software-de-transmision-hasar-connect","status":"publish","type":"product","link":"https:\/\/dacompanama.com\/site\/producto\/software-de-transmision-hasar-connect\/","title":{"rendered":"Software de Transmisi\u00f3n Hasar Connect"},"content":{"rendered":"<p><strong>\u00bfC\u00f3mo funciona?<\/strong><\/p>\n<ul>\n<li>Cada licencia de Software es v\u00e1lida para 1 n\u00famero de serie de equipo fiscal.<\/li>\n<li>Se instala en equipos con sistemas operativos Windows 7 en adelante.<\/li>\n<li>La impresora fiscal debe estar conectada a la computadora para realizar la transmisi\u00f3n del reporte Z y puede hacerse de forma autom\u00e1tica o cuando el operador lo active desde el software. Nota: la computadora debe tener acceso a internet.<\/li>\n<li>El puerto COM de la impresora se estar\u00e1 ocupando solo mientras se realice la transmisi\u00f3n, el mismo no demorar m\u00e1s de 1 minuto, es importante tomar esto en cuenta para que el sistema del cliente no utilice el puerto en este momento de lo contrario traer\u00e1 conflictos.<\/li>\n<\/ul>\n<p>Para verificar la emisi\u00f3n de estos reportes solicitados por la DGI, el Cliente deber\u00e1 ingresar en la p\u00e1gina de contribuyentes (PLACEF) , con su usuario y contrase\u00f1a para observar que los reportes solicitados se est\u00e9n enviando de forma correcta.<\/p>\n<p><strong>\u00a1APLICA PARA CR\u00c9DITO FISCAL CON LA DGI!<\/strong><\/p>\n<p>&nbsp;<\/p>\n","protected":false},"excerpt":{"rendered":"<p>El software de transmisi\u00f3n de datos homologado por la DGI para las impresoras fiscales marca Hasar modelos T\u00e9rmica SMH\/PT-250FPA, Matriz de Punto SMH\/P-330FPA y Laser SMH\/PL-23FPA.<\/p>\n<p><img decoding=\"async\" class=\"alignnone size-full wp-image-3809\" src=\"https:\/\/dacompanama.com\/site\/wp-content\/uploads\/2021\/10\/logo_hasar.jpg\" alt=\"\" width=\"194\" height=\"61\" \/><\/p>\n","protected":false},"featured_media":3942,"template":"","meta":[],"product_brand":[],"product_cat":[30],"product_tag":[],"class_list":{"0":"post-3941","1":"product","2":"type-product","3":"status-publish","4":"has-post-thumbnail","6":"product_cat-transmision-de-datos-a-la-dgi","7":"","8":"woocommerce-text-align-left","9":"woocommerce-image-align-center","10":"do-quantity-buttons","12":"first","13":"instock","14":"shipping-taxable","15":"product-type-simple"},"_links":{"self":[{"href":"https:\/\/dacompanama.com\/site\/wp-json\/wp\/v2\/product\/3941","targetHints":{"allow":["GET"]}}],"collection":[{"href":"https:\/\/dacompanama.com\/site\/wp-json\/wp\/v2\/product"}],"about":[{"href":"https:\/\/dacompanama.com\/site\/wp-json\/wp\/v2\/types\/product"}],"wp:featuredmedia":[{"embeddable":true,"href":"https:\/\/dacompanama.com\/site\/wp-json\/wp\/v2\/media\/3942"}],"wp:attachment":[{"href":"https:\/\/dacompanama.com\/site\/wp-json\/wp\/v2\/media?parent=3941"}],"wp:term":[{"taxonomy":"product_brand","embeddable":true,"href":"https:\/\/dacompanama.com\/site\/wp-json\/wp\/v2\/product_brand?post=3941"},{"taxonomy":"product_cat","embeddable":true,"href":"https:\/\/dacompanama.com\/site\/wp-json\/wp\/v2\/product_cat?post=3941"},{"taxonomy":"product_tag","embeddable":true,"href":"https:\/\/dacompanama.com\/site\/wp-json\/wp\/v2\/product_tag?post=3941"}],"curies":[{"name":"wp","href":"https:\/\/api.w.org\/{rel}","templated":true}]}}