{"id":3938,"date":"2021-11-25T02:23:08","date_gmt":"2021-11-25T02:23:08","guid":{"rendered":"https:\/\/dacompanama.com\/site\/?post_type=product&#038;p=3938"},"modified":"2025-02-21T19:50:21","modified_gmt":"2025-02-21T19:50:21","slug":"software-de-transmision-de-datos-star-tsp650-citizen-gsx190","status":"publish","type":"product","link":"https:\/\/dacompanama.com\/site\/producto\/software-de-transmision-de-datos-star-tsp650-citizen-gsx190\/","title":{"rendered":"Software de Transmisi\u00f3n de Datos Star TSP650 \/ Citizen GSX190"},"content":{"rendered":"<p>Si tienes una Impresora Fiscal, modelos: Star TSP650 y Citizen GSX190 \u00a1Cont\u00e1ctanos para instalar el software CTD y puedas empezar a transmitir los reportes Z a la DGI!<\/p>\n<p><strong>\u00bfQu\u00e9 es?<\/strong><\/p>\n<p>Sistema que se encarga de enviar los cierres Z de su impresora fiscal directamente a la DGI<\/p>\n<p>&nbsp;<\/p>\n<p><strong>\u00bfC\u00f3mo funciona?<\/strong><\/p>\n<ul>\n<li>Cada licencia de Software es v\u00e1lida para 1 n\u00famero de serie o serial del equipo fiscal.<\/li>\n<li>Se instala en equipos con sistemas operativos Windows 7 en adelante.<\/li>\n<li>La impresora fiscal debe estar conectada a la computadora para realizar la transmisi\u00f3n del reporte Z y puede hacerse de forma autom\u00e1tica o cuando el operador lo active desde el software. Nota: la computadora debe tener acceso a internet.<\/li>\n<li>El puerto COM de la impresora se estar\u00e1 ocupando solo mientras se realice la transmisi\u00f3n, el mismo no demorar\u00e1 m\u00e1s de 1 minuto, es importante tomar esto en cuenta para que el sistema del cliente no utilice el puerto en este momento de lo contrario traer\u00e1 conflictos.<\/li>\n<li>Para verificar la emisi\u00f3n de estos reportes solicitados por la DGI, el Cliente deber\u00e1 ingresar en la p\u00e1gina de contribuyentes (PLACEF) , con su usuario y contrase\u00f1a para observar que los reportes solicitados se est\u00e9n enviando de forma correcta.<\/li>\n<\/ul>\n<p>&nbsp;<\/p>\n<p><strong>Modalidad:<\/strong><\/p>\n<p>El sistema cuenta con dos tipos de proceso: Manual o Autom\u00e1tico, seg\u00fan la necesidad operativa del negocio.<\/p>\n<p><strong>\u00a1APLICA PARA EL CR\u00c9DITO FISCAL CON LA DGI!<\/strong><\/p>\n<p>&nbsp;<\/p>\n","protected":false},"excerpt":{"rendered":"<p>Sistema o software que se encarga de enviar los cierres Z de su impresora fiscal directamente a la DGI<\/p>\n","protected":false},"featured_media":3939,"template":"","meta":[],"product_brand":[],"product_cat":[30],"product_tag":[],"class_list":{"0":"post-3938","1":"product","2":"type-product","3":"status-publish","4":"has-post-thumbnail","6":"product_cat-transmision-de-datos-a-la-dgi","7":"","8":"woocommerce-text-align-left","9":"woocommerce-image-align-center","10":"do-quantity-buttons","12":"first","13":"instock","14":"shipping-taxable","15":"product-type-simple"},"_links":{"self":[{"href":"https:\/\/dacompanama.com\/site\/wp-json\/wp\/v2\/product\/3938","targetHints":{"allow":["GET"]}}],"collection":[{"href":"https:\/\/dacompanama.com\/site\/wp-json\/wp\/v2\/product"}],"about":[{"href":"https:\/\/dacompanama.com\/site\/wp-json\/wp\/v2\/types\/product"}],"wp:featuredmedia":[{"embeddable":true,"href":"https:\/\/dacompanama.com\/site\/wp-json\/wp\/v2\/media\/3939"}],"wp:attachment":[{"href":"https:\/\/dacompanama.com\/site\/wp-json\/wp\/v2\/media?parent=3938"}],"wp:term":[{"taxonomy":"product_brand","embeddable":true,"href":"https:\/\/dacompanama.com\/site\/wp-json\/wp\/v2\/product_brand?post=3938"},{"taxonomy":"product_cat","embeddable":true,"href":"https:\/\/dacompanama.com\/site\/wp-json\/wp\/v2\/product_cat?post=3938"},{"taxonomy":"product_tag","embeddable":true,"href":"https:\/\/dacompanama.com\/site\/wp-json\/wp\/v2\/product_tag?post=3938"}],"curies":[{"name":"wp","href":"https:\/\/api.w.org\/{rel}","templated":true}]}}