{"id":3935,"date":"2021-11-25T01:58:30","date_gmt":"2021-11-25T01:58:30","guid":{"rendered":"https:\/\/dacompanama.com\/site\/?post_type=product&#038;p=3935"},"modified":"2025-02-21T19:48:33","modified_gmt":"2025-02-21T19:48:33","slug":"dispositivo-de-transmision-devtech-d-tax-1-0-para-quorion-cr21","status":"publish","type":"product","link":"https:\/\/dacompanama.com\/site\/producto\/dispositivo-de-transmision-devtech-d-tax-1-0-para-quorion-cr21\/","title":{"rendered":"Dispositivo de Transmisi\u00f3n Devtech D-Tax 1.0 para Quorion CR21"},"content":{"rendered":"<p>D-Tax versi\u00f3n 1.0 dispositivo que permite la comunicaci\u00f3n de datos a trav\u00e9s de una conexi\u00f3n WiFi y\/o Ethernet.<\/p>\n<p>D-Tax versi\u00f3n 2.0 es un dispositivo m\u00e1s completo que permite realizar la captura y comunicaci\u00f3n de datos a trav\u00e9s de un sistema GPRS.<\/p>\n<p>Su objetivo principal es obtener la informaci\u00f3n almacenada en la memoria fiscal y la auditora para transmitirla a trav\u00e9s de internet a la plataforma de comunicaci\u00f3n de la DGI; PLACEF.<\/p>\n<p><strong>ESPECIFICACIONES TECNICAS<\/strong><\/p>\n<ul>\n<li>Transmisi\u00f3n de datos HTTP\/HTTPS<\/li>\n<li>APP para la configuraci\u00f3n Windows y Linux<\/li>\n<li>Comunicaci\u00f3n por puerto RS232.<\/li>\n<li>Actualizaci\u00f3n de Firmware autom\u00e1tico a trav\u00e9s de Red.<\/li>\n<li>Alimentaci\u00f3n 5V 3\u00aa.<\/li>\n<li>Dimensiones 4 * 11 * 8 cm.<\/li>\n<li>Peso 250 grs.<\/li>\n<\/ul>\n<p><strong>\u00a1APLICA PARA CR\u00c9DITO FISCAL CON LA DGI!<\/strong><\/p>\n<p>&nbsp;<\/p>\n","protected":false},"excerpt":{"rendered":"<p>Dispositivo de comunicaci\u00f3n de datos para QUORIOM CR21, capaz de documentar electr\u00f3nicamente las operaciones comerciales minoristas de los contribuyentes.<\/p>\n","protected":false},"featured_media":3936,"template":"","meta":[],"product_brand":[],"product_cat":[30],"product_tag":[],"class_list":{"0":"post-3935","1":"product","2":"type-product","3":"status-publish","4":"has-post-thumbnail","6":"product_cat-transmision-de-datos-a-la-dgi","7":"","8":"woocommerce-text-align-left","9":"woocommerce-image-align-center","10":"do-quantity-buttons","11":"wc-has-gallery","13":"first","14":"instock","15":"shipping-taxable","16":"product-type-simple"},"_links":{"self":[{"href":"https:\/\/dacompanama.com\/site\/wp-json\/wp\/v2\/product\/3935","targetHints":{"allow":["GET"]}}],"collection":[{"href":"https:\/\/dacompanama.com\/site\/wp-json\/wp\/v2\/product"}],"about":[{"href":"https:\/\/dacompanama.com\/site\/wp-json\/wp\/v2\/types\/product"}],"wp:featuredmedia":[{"embeddable":true,"href":"https:\/\/dacompanama.com\/site\/wp-json\/wp\/v2\/media\/3936"}],"wp:attachment":[{"href":"https:\/\/dacompanama.com\/site\/wp-json\/wp\/v2\/media?parent=3935"}],"wp:term":[{"taxonomy":"product_brand","embeddable":true,"href":"https:\/\/dacompanama.com\/site\/wp-json\/wp\/v2\/product_brand?post=3935"},{"taxonomy":"product_cat","embeddable":true,"href":"https:\/\/dacompanama.com\/site\/wp-json\/wp\/v2\/product_cat?post=3935"},{"taxonomy":"product_tag","embeddable":true,"href":"https:\/\/dacompanama.com\/site\/wp-json\/wp\/v2\/product_tag?post=3935"}],"curies":[{"name":"wp","href":"https:\/\/api.w.org\/{rel}","templated":true}]}}