{"id":3813,"date":"2021-10-26T00:16:07","date_gmt":"2021-10-26T00:16:07","guid":{"rendered":"https:\/\/dacompanama.com\/site\/?post_type=product&#038;p=3813"},"modified":"2025-03-13T23:58:30","modified_gmt":"2025-03-13T23:58:30","slug":"impresora-termica-custom","status":"publish","type":"product","link":"https:\/\/dacompanama.com\/site\/producto\/impresora-termica-custom\/","title":{"rendered":"Impresora T\u00e9rmica Custom"},"content":{"rendered":"<p class=\"cvGsUA direction-ltr align-start para-style-body\"><span class=\"OYPEnA font-feature-liga-off font-feature-clig-off font-feature-calt-off text-decoration-none text-strikethrough-none\">Dise\u00f1ada para atender las aplicaciones existentes o futuras gracias a sus tres interfases de comunicaci\u00f3n USB, Serial y Ethernet. Ideal para la l\u00ednea de negocios de venta al por menor y de hospitalidad, la P3L cuenta con una velocidad de impresi\u00f3n de 250.<\/span><\/p>\n<p class=\"cvGsUA direction-ltr align-start para-style-body\"><strong>Caracter\u00edsticas:<\/strong><\/p>\n<ul>\n<li class=\"cvGsUA direction-ltr align-start para-style-body\"><span class=\"OYPEnA font-feature-liga-off font-feature-clig-off font-feature-calt-off text-decoration-none text-strikethrough-none\"><strong>M\u00e9todo de impresi\u00f3n:<\/strong> Impresi\u00f3n t\u00e9rmica<\/span><\/li>\n<li class=\"cvGsUA direction-ltr align-start para-style-body\"><strong>Velocidad de impresi\u00f3n:<\/strong> 250mm\/s<\/li>\n<li class=\"cvGsUA direction-ltr align-start para-style-body\"><strong>Cortador autom\u00e1tico:<\/strong> Vida del cortador 1,5 mill\u00f3n de cortes<\/li>\n<li class=\"cvGsUA direction-ltr align-start para-style-body\"><strong>Corte parcial:<\/strong> Direcci\u00f3n de impresi\u00f3n Derecho 90\u00b0, 180\u00b0, 270\u00b0 Normal, altura y ancho de 1x a 8x, girado, subrayado, cursiva, negrita<\/li>\n<li class=\"cvGsUA direction-ltr align-start para-style-body\"><strong>Interface: <\/strong>1D: UPC-A, UPC-E, EAN8, EAN13, CODE39, ITF, I25, CODABAR, CODE128, CODE11, MSI 2D: PDF417, QRCODE, DATAMATRIX USB type RS232 DB9 Ethernet RJ4Driver Windows\u00ae (32\/64 bit) Linux (32\/64 bit) Tool software<\/li>\n<li class=\"cvGsUA direction-ltr align-start para-style-body\"><strong>Dimensiones:<\/strong> 145 mm (L) \u00d7 195 mm (W) \u00d7 150 mm (H) Peso: 1 Kg<\/li>\n<\/ul>\n<p>Gracias a su dise\u00f1o compacto y robusto, se adapta a cualquier entorno de Punto de Venta. Destaca por su fiabilidad y calidad de impresi\u00f3n.<\/p>\n","protected":false},"excerpt":{"rendered":"<p><span class=\"OYPEnA font-feature-liga-off font-feature-clig-off font-feature-calt-off text-decoration-none text-strikethrough-none\">COMANDA USB \/ ETHERNET &#8211; Es la perfecta soluci\u00f3n para aquellos negocios que buscan un desempe\u00f1o confiable y flexible.<\/span><\/p>\n<p><img decoding=\"async\" class=\"alignnone wp-image-3815 size-full\" src=\"https:\/\/dacompanama.com\/site\/wp-content\/uploads\/2021\/10\/logo_custom.jpg\" alt=\"\" width=\"182\" height=\"44\" \/><\/p>\n","protected":false},"featured_media":3816,"template":"","meta":[],"product_brand":[],"product_cat":[17],"product_tag":[],"class_list":{"0":"post-3813","1":"product","2":"type-product","3":"status-publish","4":"has-post-thumbnail","6":"product_cat-perifericos","7":"","8":"woocommerce-text-align-left","9":"woocommerce-image-align-center","10":"do-quantity-buttons","11":"wc-has-gallery","13":"first","14":"instock","15":"shipping-taxable","16":"product-type-simple"},"_links":{"self":[{"href":"https:\/\/dacompanama.com\/site\/wp-json\/wp\/v2\/product\/3813","targetHints":{"allow":["GET"]}}],"collection":[{"href":"https:\/\/dacompanama.com\/site\/wp-json\/wp\/v2\/product"}],"about":[{"href":"https:\/\/dacompanama.com\/site\/wp-json\/wp\/v2\/types\/product"}],"wp:featuredmedia":[{"embeddable":true,"href":"https:\/\/dacompanama.com\/site\/wp-json\/wp\/v2\/media\/3816"}],"wp:attachment":[{"href":"https:\/\/dacompanama.com\/site\/wp-json\/wp\/v2\/media?parent=3813"}],"wp:term":[{"taxonomy":"product_brand","embeddable":true,"href":"https:\/\/dacompanama.com\/site\/wp-json\/wp\/v2\/product_brand?post=3813"},{"taxonomy":"product_cat","embeddable":true,"href":"https:\/\/dacompanama.com\/site\/wp-json\/wp\/v2\/product_cat?post=3813"},{"taxonomy":"product_tag","embeddable":true,"href":"https:\/\/dacompanama.com\/site\/wp-json\/wp\/v2\/product_tag?post=3813"}],"curies":[{"name":"wp","href":"https:\/\/api.w.org\/{rel}","templated":true}]}}