{"id":3794,"date":"2021-10-25T18:41:18","date_gmt":"2021-10-25T18:41:18","guid":{"rendered":"https:\/\/dacompanama.com\/site\/?post_type=product&#038;p=3794"},"modified":"2021-11-24T22:03:01","modified_gmt":"2021-11-24T22:03:01","slug":"dispositivo-de-comunicacion-hka","status":"publish","type":"product","link":"https:\/\/dacompanama.com\/site\/producto\/dispositivo-de-comunicacion-hka\/","title":{"rendered":"Dispositivo de Comunicaci\u00f3n HKA"},"content":{"rendered":"<p>Adaptador de corriente:<br \/>\nEntrada: 100-240Vca, 50-60Hz.<br \/>\nSalida: 5Vcc \u00b15%, 3A.<\/p>\n<p>Puertos de comunicaci\u00f3n:<br \/>\nPuerto PC (Conector RJ11).<br \/>\nPuerto Printer PR (Conector RJ11 Exc\u00e9ntrico).<\/p>\n<p>Memoria Interna: 2 GByte.<\/p>\n<p>Memoria interna de trabajo: 256 Byte.<\/p>\n<p>Sistema anti-tamper:<br \/>\nTornillo fiscal.<br \/>\nPrecinto fiscal.<\/p>\n<p>Modelo iMobile-E:<br \/>\nM\u00f3dulo de expansi\u00f3n o de comunicaci\u00f3n Ethernet (10\/100 Base-TX).<br \/>\n1 Puerto Ethernet WAN (Conector Ethernet de entrada).<br \/>\n1 Puerto Eternet LAN (Conector Ethernet de salida).<\/p>\n<p>Protocolo de transmisi\u00f3n: Formato alternativo XML (HTTPS)<\/p>\n<p>Dimensiones: 92 x 145 x 35 mm (Ancho*Largo*Alto).<\/p>\n<p>Peso: 194 gramos.<\/p>\n<p>Botones:<br \/>\n(2) 1 Pulsador de funci\u00f3n S1.<br \/>\n1 Pulsador de intervenci\u00f3n t\u00e9cnica RESET.<\/p>\n<p>Led (7):<br \/>\n2 LEDs bicolores (\u00e1mbar\/verde).<br \/>\n5 LEDs Verdes.<\/p>\n<p>Compatibilidad:<br \/>\nACLAS CR2100, CR2300, CR81FJ, CR68AFJ, PP9,<br \/>\nBIXOLON SRP-812, SRP-350, SRP-280<br \/>\nDASCOM TALLY 1125, DT-230<br \/>\nFISCAT HKA80, HKA112<br \/>\nPANTUM P3100DL<br \/>\nSTAR HSP7000<\/p>\n<p><strong>\u00a1APLICA PARA CR\u00c9DITO FISCAL CON LA DGI!<\/strong><\/p>\n<p>&nbsp;<\/p>\n","protected":false},"excerpt":{"rendered":"<p>Se conecta a una maquina fiscal a trav\u00e9s del puerto serial DGI, permitiendo hacer la lectura de los datos contenidos en la memoria fiscal generando un archivo con la informaci\u00f3n le\u00edda para luego enviarla al servidor de la plataforma PLACEF.<\/p>\n<p><img decoding=\"async\" class=\"alignnone wp-image-3787 size-full\" src=\"https:\/\/dacompanama.com\/site\/wp-content\/uploads\/2021\/10\/logo_hka.jpg\" alt=\"\" width=\"78\" height=\"41\" \/><\/p>\n","protected":false},"featured_media":3795,"template":"","meta":[],"product_brand":[],"product_cat":[30],"product_tag":[],"class_list":{"0":"post-3794","1":"product","2":"type-product","3":"status-publish","4":"has-post-thumbnail","6":"product_cat-transmision-de-datos-a-la-dgi","7":"","8":"woocommerce-text-align-left","9":"woocommerce-image-align-center","10":"do-quantity-buttons","11":"wc-has-gallery","13":"first","14":"instock","15":"shipping-taxable","16":"product-type-simple"},"_links":{"self":[{"href":"https:\/\/dacompanama.com\/site\/wp-json\/wp\/v2\/product\/3794","targetHints":{"allow":["GET"]}}],"collection":[{"href":"https:\/\/dacompanama.com\/site\/wp-json\/wp\/v2\/product"}],"about":[{"href":"https:\/\/dacompanama.com\/site\/wp-json\/wp\/v2\/types\/product"}],"wp:featuredmedia":[{"embeddable":true,"href":"https:\/\/dacompanama.com\/site\/wp-json\/wp\/v2\/media\/3795"}],"wp:attachment":[{"href":"https:\/\/dacompanama.com\/site\/wp-json\/wp\/v2\/media?parent=3794"}],"wp:term":[{"taxonomy":"product_brand","embeddable":true,"href":"https:\/\/dacompanama.com\/site\/wp-json\/wp\/v2\/product_brand?post=3794"},{"taxonomy":"product_cat","embeddable":true,"href":"https:\/\/dacompanama.com\/site\/wp-json\/wp\/v2\/product_cat?post=3794"},{"taxonomy":"product_tag","embeddable":true,"href":"https:\/\/dacompanama.com\/site\/wp-json\/wp\/v2\/product_tag?post=3794"}],"curies":[{"name":"wp","href":"https:\/\/api.w.org\/{rel}","templated":true}]}}