{"id":3786,"date":"2021-10-25T16:20:47","date_gmt":"2021-10-25T16:20:47","guid":{"rendered":"https:\/\/dacompanama.com\/site\/?post_type=product&#038;p=3786"},"modified":"2025-03-12T22:23:43","modified_gmt":"2025-03-12T22:23:43","slug":"impresora-fiscal-termica-hka","status":"publish","type":"product","link":"https:\/\/dacompanama.com\/site\/producto\/impresora-fiscal-termica-hka\/","title":{"rendered":"Impresora Fiscal T\u00e9rmica HKA"},"content":{"rendered":"<p class=\"cvGsUA direction-ltr align-start para-style-body\"><span class=\"OYPEnA font-feature-liga-off font-feature-clig-off font-feature-calt-off text-decoration-none text-strikethrough-none\">La impresora posee un cortador autom\u00e1tico de papel, impresi\u00f3n de c\u00f3digos de barra en 1D y 2D, comunicaci\u00f3n v\u00eda Serial o USB tipo B para la PC, puerto para Gaveta y Display externo. Por \u00faltimo, su sistema integrado Anti-Tamper es capaz de detectar al momento que se abre el equipo y graba esa informaci\u00f3n en la memoria de auditor\u00eda, garantizando la seguridad y robustez que se requiere en una m\u00e1quina fiscal.<\/span><\/p>\n<p class=\"cvGsUA direction-ltr align-start para-style-body\"><strong>Caracter\u00edsticas:<\/strong><\/p>\n<ul>\n<li class=\"cvGsUA direction-ltr align-start para-style-body\"><span class=\"OYPEnA font-feature-liga-off font-feature-clig-off font-feature-calt-off text-decoration-none text-strikethrough-none\">Impresora lineal t\u00e9rmica directa.<\/span><\/li>\n<li class=\"cvGsUA direction-ltr align-start para-style-body\">Velocidad de Impresi\u00f3n: 230 mm\/s (1).<\/li>\n<li class=\"cvGsUA direction-ltr align-start para-style-body\">Resoluci\u00f3n: 203ppp (2).<\/li>\n<li class=\"cvGsUA direction-ltr align-start para-style-body\">Peso: 1.7Kg (sin rollo).<\/li>\n<li class=\"cvGsUA direction-ltr align-start para-style-body\">Dimensiones: 195 x 177 x 147 mm.<\/li>\n<li class=\"cvGsUA direction-ltr align-start para-style-body\">Papel t\u00e9rmico: 80mm de ancho.<\/li>\n<li class=\"cvGsUA direction-ltr align-start para-style-body\">Alimentaci\u00f3n Externa: 24Vcc 2A<\/li>\n<li class=\"cvGsUA direction-ltr align-start para-style-body\">Memoria Fiscal: 2000 reportes Z.<\/li>\n<li class=\"cvGsUA direction-ltr align-start para-style-body\">Memoria de Auditor\u00eda: 2GB.<\/li>\n<li class=\"cvGsUA direction-ltr align-start para-style-body\"><span class=\"OYPEnA font-feature-liga-off font-feature-clig-off font-feature-calt-off text-decoration-none text-strikethrough-none\">Conectores RJ11 y 1 USB Tipo B<\/span><\/li>\n<\/ul>\n<p><strong>*REQUIERE SOFTWARE FISCAL*<\/strong><\/p>\n<p>&nbsp;<\/p>\n","protected":false},"excerpt":{"rendered":"<p><span class=\"OYPEnA font-feature-liga-off font-feature-clig-off font-feature-calt-off text-decoration-none text-strikethrough-none\">Se caracteriza por su alta rapidez de impresi\u00f3n de tickets, cuenta con un dise\u00f1o robusto y seguro cumpliendo as\u00ed las normativas fiscales del pa\u00eds. <\/span><\/p>\n<p><img decoding=\"async\" class=\"alignnone wp-image-3787 size-full\" src=\"https:\/\/dacompanama.com\/site\/wp-content\/uploads\/2021\/10\/logo_hka.jpg\" alt=\"\" width=\"78\" height=\"41\" \/><\/p>\n","protected":false},"featured_media":3788,"template":"","meta":[],"product_brand":[],"product_cat":[20],"product_tag":[],"class_list":{"0":"post-3786","1":"product","2":"type-product","3":"status-publish","4":"has-post-thumbnail","6":"product_cat-impresoras-fiscales","7":"","8":"woocommerce-text-align-left","9":"woocommerce-image-align-center","10":"do-quantity-buttons","11":"wc-has-gallery","13":"first","14":"instock","15":"featured","16":"shipping-taxable","17":"product-type-simple"},"_links":{"self":[{"href":"https:\/\/dacompanama.com\/site\/wp-json\/wp\/v2\/product\/3786","targetHints":{"allow":["GET"]}}],"collection":[{"href":"https:\/\/dacompanama.com\/site\/wp-json\/wp\/v2\/product"}],"about":[{"href":"https:\/\/dacompanama.com\/site\/wp-json\/wp\/v2\/types\/product"}],"wp:featuredmedia":[{"embeddable":true,"href":"https:\/\/dacompanama.com\/site\/wp-json\/wp\/v2\/media\/3788"}],"wp:attachment":[{"href":"https:\/\/dacompanama.com\/site\/wp-json\/wp\/v2\/media?parent=3786"}],"wp:term":[{"taxonomy":"product_brand","embeddable":true,"href":"https:\/\/dacompanama.com\/site\/wp-json\/wp\/v2\/product_brand?post=3786"},{"taxonomy":"product_cat","embeddable":true,"href":"https:\/\/dacompanama.com\/site\/wp-json\/wp\/v2\/product_cat?post=3786"},{"taxonomy":"product_tag","embeddable":true,"href":"https:\/\/dacompanama.com\/site\/wp-json\/wp\/v2\/product_tag?post=3786"}],"curies":[{"name":"wp","href":"https:\/\/api.w.org\/{rel}","templated":true}]}}