{"id":3694,"date":"2020-10-27T00:30:51","date_gmt":"2020-10-27T00:30:51","guid":{"rendered":"https:\/\/dacompanama.com\/site\/?post_type=product&#038;p=3694"},"modified":"2025-03-19T20:40:14","modified_gmt":"2025-03-19T20:40:14","slug":"cinta-matriz-de-punto-dascom-tally-1125-y-1140","status":"publish","type":"product","link":"https:\/\/dacompanama.com\/site\/producto\/cinta-matriz-de-punto-dascom-tally-1125-y-1140\/","title":{"rendered":"Cinta matriz de punto Dascom Tally 1125 y 1140"},"content":{"rendered":"<p>Cinta para impresoras matriz de punto. Con esta cinta podr\u00e1s ahorrar y reducir los costos en la impresi\u00f3n de los documentos fiscales que necesites. Adem\u00e1s tendr\u00e1s la oportunidad de garantizar la transparencia y responsabilidad de tu negocio brind\u00e1ndote tranquilidad y confianza.<\/p>\n<p><strong>Para los Modelos DASCOM:<\/strong><br \/>\nDS-300<br \/>\nDS-620<br \/>\nDS650<br \/>\nDS-1100II<br \/>\nDS1125<br \/>\nDS1140<br \/>\nDS-2600II<br \/>\nDS1700II<br \/>\nDS7120<br \/>\nDS-1860<br \/>\nAR300K<br \/>\nAR-500II<br \/>\nAR550<br \/>\nAR580II<br \/>\nGI300K<\/p>\n<p>&nbsp;<\/p>\n","protected":false},"excerpt":{"rendered":"<p>Cinta original de impresi\u00f3n de 7 millones de caracteres para impresora de matriz de punto Tally Dascom 1125 y 1140<\/p>\n<p><img decoding=\"async\" class=\"alignnone wp-image-3539\" src=\"https:\/\/dacompanama.com\/site\/wp-content\/uploads\/2018\/03\/Logo_Dascom-Panama-300x37.png\" alt=\"\" width=\"291\" height=\"36\" srcset=\"https:\/\/dacompanama.com\/site\/wp-content\/uploads\/2018\/03\/Logo_Dascom-Panama-300x37.png 300w, https:\/\/dacompanama.com\/site\/wp-content\/uploads\/2018\/03\/Logo_Dascom-Panama.png 502w\" sizes=\"(max-width: 291px) 100vw, 291px\" \/><\/p>\n","protected":false},"featured_media":4228,"template":"","meta":[],"product_brand":[],"product_cat":[28],"product_tag":[],"class_list":{"0":"post-3694","1":"product","2":"type-product","3":"status-publish","4":"has-post-thumbnail","6":"product_cat-consumibles","7":"","8":"woocommerce-text-align-left","9":"woocommerce-image-align-center","10":"do-quantity-buttons","11":"wc-has-gallery","13":"first","14":"instock","15":"shipping-taxable","16":"product-type-simple"},"_links":{"self":[{"href":"https:\/\/dacompanama.com\/site\/wp-json\/wp\/v2\/product\/3694","targetHints":{"allow":["GET"]}}],"collection":[{"href":"https:\/\/dacompanama.com\/site\/wp-json\/wp\/v2\/product"}],"about":[{"href":"https:\/\/dacompanama.com\/site\/wp-json\/wp\/v2\/types\/product"}],"wp:featuredmedia":[{"embeddable":true,"href":"https:\/\/dacompanama.com\/site\/wp-json\/wp\/v2\/media\/4228"}],"wp:attachment":[{"href":"https:\/\/dacompanama.com\/site\/wp-json\/wp\/v2\/media?parent=3694"}],"wp:term":[{"taxonomy":"product_brand","embeddable":true,"href":"https:\/\/dacompanama.com\/site\/wp-json\/wp\/v2\/product_brand?post=3694"},{"taxonomy":"product_cat","embeddable":true,"href":"https:\/\/dacompanama.com\/site\/wp-json\/wp\/v2\/product_cat?post=3694"},{"taxonomy":"product_tag","embeddable":true,"href":"https:\/\/dacompanama.com\/site\/wp-json\/wp\/v2\/product_tag?post=3694"}],"curies":[{"name":"wp","href":"https:\/\/api.w.org\/{rel}","templated":true}]}}