{"id":3631,"date":"2020-10-14T05:23:12","date_gmt":"2020-10-14T05:23:12","guid":{"rendered":"https:\/\/dacompanama.com\/site\/?post_type=product&#038;p=3631"},"modified":"2025-03-19T15:55:45","modified_gmt":"2025-03-19T15:55:45","slug":"software-de-facturacion-mipymesoft","status":"publish","type":"product","link":"https:\/\/dacompanama.com\/site\/producto\/software-de-facturacion-mipymesoft\/","title":{"rendered":"Software de Facturaci\u00f3n MiPyMESoft"},"content":{"rendered":"<p>Mipymesoft es lo mejor a elegir por su bajo costo, el mismo posee planes muy flexibles que se adaptan a su presupuesto y sin contrato, donde usted no est\u00e1 obligado a tomar ning\u00fan compromiso, puede usar el software durante el tiempo que lo necesite.<\/p>\n<p><b>Inventario &#8211; Proveedores &#8211; Cuentas por Pagar &#8211; Clientes &#8211; Cuentas por Cobrar &#8211; Ventas &#8211; Compras &#8211; Bancos &#8211; Vendedores<\/b><\/p>\n<p><strong>Algunos de sus m\u00f3dulos son:\u00a0<\/strong><\/p>\n<ul>\n<li>Gesti\u00f3n de inventario, incluyendo m\u00ednimos y m\u00e1ximos, y comparaci\u00f3n con el inventario del sistema<\/li>\n<li>Manejo de tarifas de IVA e impuesto de consumo<\/li>\n<li>Gesti\u00f3n de listas de precios y asignaci\u00f3n a cada cliente<\/li>\n<li>Generaci\u00f3n de reportes de movimiento<\/li>\n<li>Gesti\u00f3n de cartera en diferentes formatos<\/li>\n<li>Gesti\u00f3n de inventario de materia prima<\/li>\n<li>Generaci\u00f3n de \u00f3rdenes de producci\u00f3n<\/li>\n<li>Estad\u00edsticas en reportes o gr\u00e1ficas<\/li>\n<li>M\u00f3dulo de toma de pedidos para dispositivos m\u00f3viles Android<\/li>\n<\/ul>\n<p>Es un software creado para la administraci\u00f3n efectiva, donde facilita el control de su cliente, an\u00e1lisis de morosidad din\u00e1mico y envi\u00f3 masivo de datos de cuenta, del mismo modo ofrece un balance de antig\u00fcedad (din\u00e1mico, por pa\u00eds, sector, cliente, documento).<\/p>\n<ul>\n<li>Multiusuario<\/li>\n<li>Reportes exportables a excel o pdf<\/li>\n<li>Archivo digital (carga de m\u00faltiples documentos por transacci\u00f3n \u00abpdf, jpg, xls\u00bb)<\/li>\n<li>Env\u00edo autom\u00e1tico de correos electr\u00f3nicos de ventas e inventarios<\/li>\n<li>Reportes din\u00e1micos<\/li>\n<li>Tablas din\u00e1micas integradas en reporter\u00eda (filtros, agrupadores, mostrar y ocultar columnas)<\/li>\n<li>Facturaci\u00f3n de productos o servicios<\/li>\n<li>Notas cr\u00e9dito o d\u00e9bito fiscales<\/li>\n<li>Clasificaci\u00f3n y agrupadores de clientes<\/li>\n<li>Cargos y abonos integrado con auxiliar bancario<\/li>\n<li>Registro de cargos de proveedores<\/li>\n<li>Abonos con relaci\u00f3n auxiliar bancario (cheques, dep\u00f3sitos, ACH)<\/li>\n<li>Cheques<\/li>\n<li>Dep\u00f3sitos<\/li>\n<\/ul>\n<p>&nbsp;<\/p>\n<p>&nbsp;<\/p>\n","protected":false},"excerpt":{"rendered":"<p>Software administrativo y de facturaci\u00f3n fiscal y electr\u00f3nica para micro, peque\u00f1as y medianas empresas (MiPyMES).<\/p>\n<p><img decoding=\"async\" class=\"alignnone size-full wp-image-3632\" src=\"https:\/\/dacompanama.com\/site\/wp-content\/uploads\/2020\/10\/logo_Mipymesoft.png\" alt=\"\" width=\"263\" height=\"31\" \/><\/p>\n","protected":false},"featured_media":3633,"template":"","meta":[],"product_brand":[],"product_cat":[19],"product_tag":[],"class_list":{"0":"post-3631","1":"product","2":"type-product","3":"status-publish","4":"has-post-thumbnail","6":"product_cat-software","7":"","8":"woocommerce-text-align-left","9":"woocommerce-image-align-center","10":"do-quantity-buttons","11":"wc-has-gallery","13":"first","14":"instock","15":"shipping-taxable","16":"product-type-simple"},"_links":{"self":[{"href":"https:\/\/dacompanama.com\/site\/wp-json\/wp\/v2\/product\/3631","targetHints":{"allow":["GET"]}}],"collection":[{"href":"https:\/\/dacompanama.com\/site\/wp-json\/wp\/v2\/product"}],"about":[{"href":"https:\/\/dacompanama.com\/site\/wp-json\/wp\/v2\/types\/product"}],"wp:featuredmedia":[{"embeddable":true,"href":"https:\/\/dacompanama.com\/site\/wp-json\/wp\/v2\/media\/3633"}],"wp:attachment":[{"href":"https:\/\/dacompanama.com\/site\/wp-json\/wp\/v2\/media?parent=3631"}],"wp:term":[{"taxonomy":"product_brand","embeddable":true,"href":"https:\/\/dacompanama.com\/site\/wp-json\/wp\/v2\/product_brand?post=3631"},{"taxonomy":"product_cat","embeddable":true,"href":"https:\/\/dacompanama.com\/site\/wp-json\/wp\/v2\/product_cat?post=3631"},{"taxonomy":"product_tag","embeddable":true,"href":"https:\/\/dacompanama.com\/site\/wp-json\/wp\/v2\/product_tag?post=3631"}],"curies":[{"name":"wp","href":"https:\/\/api.w.org\/{rel}","templated":true}]}}