{"id":3609,"date":"2020-10-14T04:05:59","date_gmt":"2020-10-14T04:05:59","guid":{"rendered":"https:\/\/dacompanama.com\/site\/?post_type=product&#038;p=3609"},"modified":"2025-04-01T23:22:40","modified_gmt":"2025-04-01T23:22:40","slug":"lector-de-codigos-de-barra-3nstar-sc-300","status":"publish","type":"product","link":"https:\/\/dacompanama.com\/site\/producto\/lector-de-codigos-de-barra-3nstar-sc-300\/","title":{"rendered":"Lector de C\u00f3digos de Barra 3nStar SC-300"},"content":{"rendered":"<p>El amplio radio de cobertura del SC300 le permite los operadores capturar datos tanto dentro de su espacio de trabajo regular, como fuera de \u00e9l y gracias a un avanzado sistema de administraci\u00f3n de energ\u00eda, la autonom\u00eda del equipo es de horas, lo que incrementa la productividad.<strong>\u00a0\u00a0\u00a0<\/strong><\/p>\n<ul>\n<li>Memoria: 2MB, almacena 100K escaneos EAN-13<\/li>\n<li>Distancia de comunicaci\u00f3n con la base: hasta 300 m en espacios abiertos<\/li>\n<li>Dise\u00f1o Antigolpes: soporta ca\u00eddas de 1,5M<\/li>\n<li>La vida del bot\u00f3n alcanza hasta 50 millones de toques<\/li>\n<li>Rango de frecuencia de trabajo, 433MHz ISM<\/li>\n<li>Bater\u00eda de 2000 mAh proporciona un gran n\u00famero de escaneos por carga<\/li>\n<\/ul>\n<div class=\"wp-block-button\"><a class=\"wp-block-button__link no-border-radius\" href=\"https:\/\/dacompanama.com\/site\/wp-content\/uploads\/2020\/10\/SC300-SP.pdf\" target=\"_blank\" rel=\"noopener noreferrer\">Ver Folleto<\/a><\/div>\n<p>&nbsp;<\/p>\n","protected":false},"excerpt":{"rendered":"<p>El lector SC300 de 3nStar ofrece comodidad y libertad de movimiento, incorporando la tecnolog\u00eda inal\u00e1mbrica a la ya probada eficiencia de desempe\u00f1o, del resto de la l\u00ednea.<\/p>\n<p><img decoding=\"async\" class=\"alignnone size-full wp-image-3564\" src=\"https:\/\/dacompanama.com\/site\/wp-content\/uploads\/2020\/10\/logo_3nStar-Panama.png\" alt=\"\" width=\"215\" height=\"65\" \/><\/p>\n","protected":false},"featured_media":3610,"template":"","meta":[],"product_brand":[],"product_cat":[34],"product_tag":[],"class_list":{"0":"post-3609","1":"product","2":"type-product","3":"status-publish","4":"has-post-thumbnail","6":"product_cat-lectores-de-codigos-de-barras","7":"","8":"woocommerce-text-align-left","9":"woocommerce-image-align-center","10":"do-quantity-buttons","11":"wc-has-gallery","13":"first","14":"instock","15":"shipping-taxable","16":"product-type-simple"},"_links":{"self":[{"href":"https:\/\/dacompanama.com\/site\/wp-json\/wp\/v2\/product\/3609","targetHints":{"allow":["GET"]}}],"collection":[{"href":"https:\/\/dacompanama.com\/site\/wp-json\/wp\/v2\/product"}],"about":[{"href":"https:\/\/dacompanama.com\/site\/wp-json\/wp\/v2\/types\/product"}],"wp:featuredmedia":[{"embeddable":true,"href":"https:\/\/dacompanama.com\/site\/wp-json\/wp\/v2\/media\/3610"}],"wp:attachment":[{"href":"https:\/\/dacompanama.com\/site\/wp-json\/wp\/v2\/media?parent=3609"}],"wp:term":[{"taxonomy":"product_brand","embeddable":true,"href":"https:\/\/dacompanama.com\/site\/wp-json\/wp\/v2\/product_brand?post=3609"},{"taxonomy":"product_cat","embeddable":true,"href":"https:\/\/dacompanama.com\/site\/wp-json\/wp\/v2\/product_cat?post=3609"},{"taxonomy":"product_tag","embeddable":true,"href":"https:\/\/dacompanama.com\/site\/wp-json\/wp\/v2\/product_tag?post=3609"}],"curies":[{"name":"wp","href":"https:\/\/api.w.org\/{rel}","templated":true}]}}