{"id":3580,"date":"2020-10-14T00:38:31","date_gmt":"2020-10-14T00:38:31","guid":{"rendered":"https:\/\/dacompanama.com\/site\/?post_type=product&#038;p=3580"},"modified":"2025-04-01T23:22:55","modified_gmt":"2025-04-01T23:22:55","slug":"lector-de-codigos-de-barra-3nstarsc-250","status":"publish","type":"product","link":"https:\/\/dacompanama.com\/site\/producto\/lector-de-codigos-de-barra-3nstarsc-250\/","title":{"rendered":"Lector De C\u00f3digos de Barra 3nStar SC-250"},"content":{"rendered":"<p>El SC250 de 3nStar es un lector fijo omnidireccional \u201cHeavy Duty\u201d que gracias a la profundidad de lectura que le otorga su diodo l\u00e1ser de 650nm y su patr\u00f3n de 20 l\u00edneas, le permite al operador leer todos los c\u00f3digos de barras est\u00e1ndar en la primera pasada sin importar la orientaci\u00f3n del c\u00f3digo, la calidad de impresi\u00f3n o la forma de los objetos.<\/p>\n<ul>\n<li>Patr\u00f3n de linea omnidireccional: Proporciona el escaneo como un beneficio adicional para las aplicaciones de presentaci\u00f3n manual<\/li>\n<li>Operaci\u00f3n de escaneado autom\u00e1tico: Simplemente presente un c\u00f3digo de barras y la unidad escanea en un solo paso<\/li>\n<li>Motor de alto rendimiento<\/li>\n<li>Tecnolog\u00eda de decodificaci\u00f3n de hardware, velocidad de lectura m\u00e1s r\u00e1pida<\/li>\n<li>Interfaz RS-232 y USB<\/li>\n<\/ul>\n<div class=\"wp-block-button\"><a class=\"wp-block-button__link no-border-radius\" href=\"https:\/\/dacompanama.com\/site\/wp-content\/uploads\/2020\/10\/SC250-SP.pdf\" target=\"_blank\" rel=\"noopener noreferrer\">Ver Folleto<\/a><\/div>\n<p>&nbsp;<\/p>\n","protected":false},"excerpt":{"rendered":"<p>El lector omnidireccional SC250 constituye una excelente opci\u00f3n para ahorrar espacio en el mostrador y agilizar la atenci\u00f3n al cliente.<\/p>\n<p><img decoding=\"async\" class=\"alignnone size-full wp-image-3564\" src=\"https:\/\/dacompanama.com\/site\/wp-content\/uploads\/2020\/10\/logo_3nStar-Panama.png\" alt=\"\" width=\"215\" height=\"65\" \/><\/p>\n","protected":false},"featured_media":3581,"template":"","meta":[],"product_brand":[],"product_cat":[34],"product_tag":[],"class_list":{"0":"post-3580","1":"product","2":"type-product","3":"status-publish","4":"has-post-thumbnail","6":"product_cat-lectores-de-codigos-de-barras","7":"","8":"woocommerce-text-align-left","9":"woocommerce-image-align-center","10":"do-quantity-buttons","11":"wc-has-gallery","13":"first","14":"instock","15":"shipping-taxable","16":"product-type-simple"},"_links":{"self":[{"href":"https:\/\/dacompanama.com\/site\/wp-json\/wp\/v2\/product\/3580","targetHints":{"allow":["GET"]}}],"collection":[{"href":"https:\/\/dacompanama.com\/site\/wp-json\/wp\/v2\/product"}],"about":[{"href":"https:\/\/dacompanama.com\/site\/wp-json\/wp\/v2\/types\/product"}],"wp:featuredmedia":[{"embeddable":true,"href":"https:\/\/dacompanama.com\/site\/wp-json\/wp\/v2\/media\/3581"}],"wp:attachment":[{"href":"https:\/\/dacompanama.com\/site\/wp-json\/wp\/v2\/media?parent=3580"}],"wp:term":[{"taxonomy":"product_brand","embeddable":true,"href":"https:\/\/dacompanama.com\/site\/wp-json\/wp\/v2\/product_brand?post=3580"},{"taxonomy":"product_cat","embeddable":true,"href":"https:\/\/dacompanama.com\/site\/wp-json\/wp\/v2\/product_cat?post=3580"},{"taxonomy":"product_tag","embeddable":true,"href":"https:\/\/dacompanama.com\/site\/wp-json\/wp\/v2\/product_tag?post=3580"}],"curies":[{"name":"wp","href":"https:\/\/api.w.org\/{rel}","templated":true}]}}