{"id":3572,"date":"2020-10-14T00:22:04","date_gmt":"2020-10-14T00:22:04","guid":{"rendered":"https:\/\/dacompanama.com\/site\/?post_type=product&#038;p=3572"},"modified":"2025-04-01T23:24:12","modified_gmt":"2025-04-01T23:24:12","slug":"lector-de-codigos-de-barra-3nstar-sc-050","status":"publish","type":"product","link":"https:\/\/dacompanama.com\/site\/producto\/lector-de-codigos-de-barra-3nstar-sc-050\/","title":{"rendered":"Lector de C\u00f3digos de Barra 3nStar SC-050"},"content":{"rendered":"<ul>\n<li>Resistencia al polvo, salpicaduras de agua y aceite.<\/li>\n<li>Profundidad de campo de hasta 30 cm.<\/li>\n<li>Resistencias a ca\u00eddas de hasta 1,5 m (5 pies)<\/li>\n<li>Duraci\u00f3n del bot\u00f3n: 10 millones de lecturas<\/li>\n<li>Lector de c\u00f3digo de barras con pedestal<\/li>\n<li>Conexi\u00f3n USB\/Serial<\/li>\n<li>C\u00f3digos EAN-8, EAN-13, UPC-A,UPC-E,Code 39, Code 128, EAN128, Codabar, Industrial 2 of 5, Interleave 2 of 5, Matrix 2 of 5, MSI<\/li>\n<li>Cable de 1.8 Mt.<\/li>\n<\/ul>\n<p>&nbsp;<\/p>\n","protected":false},"excerpt":{"rendered":"<p>El SC050 es un lector de c\u00f3digo de barras de bajo costo que provee lecturas r\u00e1pidas y confiables adem\u00e1s de un dise\u00f1o ergon\u00f3mico y liviano.<\/p>\n<p><img decoding=\"async\" class=\"alignnone size-full wp-image-3564\" src=\"https:\/\/dacompanama.com\/site\/wp-content\/uploads\/2020\/10\/logo_3nStar-Panama.png\" alt=\"\" width=\"215\" height=\"65\" \/><\/p>\n","protected":false},"featured_media":3573,"template":"","meta":[],"product_brand":[],"product_cat":[34],"product_tag":[],"class_list":{"0":"post-3572","1":"product","2":"type-product","3":"status-publish","4":"has-post-thumbnail","6":"product_cat-lectores-de-codigos-de-barras","7":"","8":"woocommerce-text-align-left","9":"woocommerce-image-align-center","10":"do-quantity-buttons","11":"wc-has-gallery","13":"first","14":"instock","15":"shipping-taxable","16":"product-type-simple"},"_links":{"self":[{"href":"https:\/\/dacompanama.com\/site\/wp-json\/wp\/v2\/product\/3572","targetHints":{"allow":["GET"]}}],"collection":[{"href":"https:\/\/dacompanama.com\/site\/wp-json\/wp\/v2\/product"}],"about":[{"href":"https:\/\/dacompanama.com\/site\/wp-json\/wp\/v2\/types\/product"}],"wp:featuredmedia":[{"embeddable":true,"href":"https:\/\/dacompanama.com\/site\/wp-json\/wp\/v2\/media\/3573"}],"wp:attachment":[{"href":"https:\/\/dacompanama.com\/site\/wp-json\/wp\/v2\/media?parent=3572"}],"wp:term":[{"taxonomy":"product_brand","embeddable":true,"href":"https:\/\/dacompanama.com\/site\/wp-json\/wp\/v2\/product_brand?post=3572"},{"taxonomy":"product_cat","embeddable":true,"href":"https:\/\/dacompanama.com\/site\/wp-json\/wp\/v2\/product_cat?post=3572"},{"taxonomy":"product_tag","embeddable":true,"href":"https:\/\/dacompanama.com\/site\/wp-json\/wp\/v2\/product_tag?post=3572"}],"curies":[{"name":"wp","href":"https:\/\/api.w.org\/{rel}","templated":true}]}}