{"id":3567,"date":"2020-10-13T23:55:51","date_gmt":"2020-10-13T23:55:51","guid":{"rendered":"https:\/\/dacompanama.com\/site\/?post_type=product&#038;p=3567"},"modified":"2025-04-01T23:24:20","modified_gmt":"2025-04-01T23:24:20","slug":"lector-de-codigos-de-barra-3nstar-sc-100","status":"publish","type":"product","link":"https:\/\/dacompanama.com\/site\/producto\/lector-de-codigos-de-barra-3nstar-sc-100\/","title":{"rendered":"Lector de C\u00f3digos de Barra 3nStar SC-100"},"content":{"rendered":"<p>El SC100 proporciona un escaneo r\u00e1pido y con able de c\u00f3digos de barras lineales, minimizando la necesidad de capacitaci\u00f3n al usuario nal.<\/p>\n<p>Est\u00e1 dise\u00f1ado para minimizar el tiempo de mantenimiento y los costos por servicio t\u00e9cnico.<\/p>\n<p>Adicionalmente est\u00e1 protegido por una banda de goma moldeada e integrada al equipo, la cual minimiza el impacto ante ca\u00eddas accidentales.<\/p>\n<ul>\n<li><strong>Desempen\u0303o excepcional:<\/strong> Mantenga los niveles de productividad a trave\u0301s de este lector lineal que minimiza la necesidad de carga manual de datos.<\/li>\n<li><strong>Plug and Play:<\/strong> Proceso de configuracio\u0301n sencillo a trave\u0301s de la deteccio\u0301n y configuracio\u0301n automa\u0301tica<br \/>\ndel equipo.<\/li>\n<li><strong>Disen\u0303o Ergono\u0301mico y Moderno:<\/strong> Asegura la comodidad del operador, aumentando su productividad. Liviano y con un disen\u0303o que calza perfectamente en las diversas tipologi\u0301as de manos.<\/li>\n<li><strong>La solucio\u0301n completa de fa\u0301brica incluye:<\/strong> el esca\u0301ner, el cable y la base<\/li>\n<li><strong>Velocidad de Lectura:<\/strong> 300 Lecturas por Segundo<\/li>\n<li><strong>Profundidad de Campo:<\/strong> 0-280mm (0.33mm pcs 0.9)<\/li>\n<li><strong>Disen\u0303o anti-impacto:<\/strong> Soporta 1.5 m (5 ft.) de cai\u0301da<\/li>\n<li><strong>Durabilidad del Boto\u0301n:<\/strong> Hasta 50 millones de lecturas<\/li>\n<li><strong>Modo de Escaneo:<\/strong> Manual y Automa\u0301tico<\/li>\n<\/ul>\n<div class=\"wp-block-button\"><a class=\"wp-block-button__link no-border-radius\" href=\"https:\/\/dacompanama.com\/site\/wp-content\/uploads\/2020\/10\/SC100-SP-1.pdf\" target=\"_blank\" rel=\"noopener noreferrer\">Ver Folleto<\/a><\/div>\n<p>&nbsp;<\/p>\n","protected":false},"excerpt":{"rendered":"<p>Tiene un excelente desempe\u00f1o de lectura y un dise\u00f1o con able que se combinan para ofrecer una soluci\u00f3n vers\u00e1til, que se adapta a una amplia variedad de aplicaciones.<\/p>\n<p><img decoding=\"async\" class=\"alignnone size-full wp-image-3564\" src=\"https:\/\/dacompanama.com\/site\/wp-content\/uploads\/2020\/10\/logo_3nStar-Panama.png\" alt=\"\" width=\"215\" height=\"65\" \/><\/p>\n","protected":false},"featured_media":3570,"template":"","meta":[],"product_brand":[],"product_cat":[34],"product_tag":[],"class_list":{"0":"post-3567","1":"product","2":"type-product","3":"status-publish","4":"has-post-thumbnail","6":"product_cat-lectores-de-codigos-de-barras","7":"","8":"woocommerce-text-align-left","9":"woocommerce-image-align-center","10":"do-quantity-buttons","11":"wc-has-gallery","13":"first","14":"instock","15":"shipping-taxable","16":"product-type-simple"},"_links":{"self":[{"href":"https:\/\/dacompanama.com\/site\/wp-json\/wp\/v2\/product\/3567","targetHints":{"allow":["GET"]}}],"collection":[{"href":"https:\/\/dacompanama.com\/site\/wp-json\/wp\/v2\/product"}],"about":[{"href":"https:\/\/dacompanama.com\/site\/wp-json\/wp\/v2\/types\/product"}],"wp:featuredmedia":[{"embeddable":true,"href":"https:\/\/dacompanama.com\/site\/wp-json\/wp\/v2\/media\/3570"}],"wp:attachment":[{"href":"https:\/\/dacompanama.com\/site\/wp-json\/wp\/v2\/media?parent=3567"}],"wp:term":[{"taxonomy":"product_brand","embeddable":true,"href":"https:\/\/dacompanama.com\/site\/wp-json\/wp\/v2\/product_brand?post=3567"},{"taxonomy":"product_cat","embeddable":true,"href":"https:\/\/dacompanama.com\/site\/wp-json\/wp\/v2\/product_cat?post=3567"},{"taxonomy":"product_tag","embeddable":true,"href":"https:\/\/dacompanama.com\/site\/wp-json\/wp\/v2\/product_tag?post=3567"}],"curies":[{"name":"wp","href":"https:\/\/api.w.org\/{rel}","templated":true}]}}