{"id":32,"date":"2018-03-21T03:52:51","date_gmt":"2018-03-21T03:52:51","guid":{"rendered":"https:\/\/gpsites.co\/seller\/?post_type=product&#038;p=32"},"modified":"2025-03-12T22:08:58","modified_gmt":"2025-03-12T22:08:58","slug":"impresora-fiscal-dascom-tally-1140","status":"publish","type":"product","link":"https:\/\/dacompanama.com\/site\/producto\/impresora-fiscal-dascom-tally-1140\/","title":{"rendered":"Impresora Fiscal Dascom Tally 1140"},"content":{"rendered":"<p>Combinando un dise\u00f1o compacto, y una alta velocidad de impresi\u00f3n, la TD1140 maneja grandes cargas de trabajo a un costo por p\u00e1gina incre\u00edblemente bajo.<\/p>\n<p>Puede integrarse a tu sistema independientemente de la tecnolog\u00eda de comunicaci\u00f3n gracias a sus variadas interfaces. Adem\u00e1s cuenta con una cinta de larga duraci\u00f3n de 9 millones de caracteres, lo que asegura hasta 20% m\u00e1s hojas impresas que la competencia.<\/p>\n<p>Es un equipo dise\u00f1ado y adaptado a las nuevas exigencias tecnol\u00f3gicas, lo cual brinda una mayor facilidad de manejo y programaci\u00f3n,\u00a0de dise\u00f1o compacto y de altas prestaciones en rendimiento, capacidad de almacenamiento e interconexi\u00f3n con los dispositivos de comunicaci\u00f3n.<\/p>\n<p><strong>Especificaciones f\u00edsicas<\/strong><\/p>\n<ul>\n<li>Dimensiones:\u00a0 \u00a0380 x 280 x 145 mm (Ancho*Largo*Alto).<\/li>\n<li>Peso: 6 Kg.<\/li>\n<\/ul>\n<p><strong>Par\u00e1metros de impresi\u00f3n:<br \/>\n<\/strong><\/p>\n<ul>\n<li><strong>M\u00e9todo de impresi\u00f3n:<\/strong> Impresi\u00f3n de impacto de matriz de punto.<\/li>\n<li><strong>Logo gr\u00e1fico:<\/strong> Encabezado.<\/li>\n<li><strong>L\u00edneas de encabezado y pie de ticket:<\/strong> 8 \u2013 40 caracteres por l\u00ednea.<\/li>\n<li><strong>Tipo de papel:<\/strong> Carta, media carta, forma continua.<\/li>\n<\/ul>\n<p><strong>Especificaciones de Hardware:\u00a0 \u00a0<\/strong><\/p>\n<ul>\n<li>Alimentaci\u00f3n Entrada: 100-240Vca, 50-60Hz.<\/li>\n<li>Interfaces: 1 Conector RJ11 (Para comunicaci\u00f3n con PC),\u00a0 1 Puerto USB Tipo B (Para comunicaci\u00f3n con PC), 1 Conector RJ11 (Para comunicaci\u00f3n con Display Externo).<\/li>\n<li>Panel de control: 4 botones.<\/li>\n<li>4 LEDs.<\/li>\n<li>Sensores: Presencia de papel, tipo de papel, fin de carro, separaci\u00f3n de cabezal.<\/li>\n<\/ul>\n<p><strong>M\u00f3dulo fiscal:<br \/>\n<\/strong>Memoria de auditoria: 2 GB<br \/>\nMemoria de trabajo: 2000 reportes Z<br \/>\nMemoria de Trabajo: 256 KB<\/p>\n<p><strong>Seguridad:\u00a0 \u00a0<\/strong><br \/>\nSeguridad fiscal: Sistema anti-tamper<\/p>\n<p><strong>Confiabilidad:\u00a0<\/strong><br \/>\nVelocidad de impresi\u00f3n: 4.0 PPP Pulgadas por Segundo<\/p>\n<p><strong>*REQUIERE SOFTWARE FISCAL*<\/strong><\/p>\n<p><strong>\u00a1INCLUYE DISPOSITIVO INTERNO DE TRANSMISION DE DATOS!\u00a0<\/strong><\/p>\n<p>&nbsp;<\/p>\n","protected":false},"excerpt":{"rendered":"<p><span class=\"OYPEnA font-feature-liga-off font-feature-clig-off font-feature-calt-off text-decoration-none text-strikethrough-none\">Combinando un dise\u00f1o compacto, y una alta velocidad de impresi\u00f3n, la TD1140 maneja grandes cargas de trabajo a un costo por p\u00e1gina incre\u00edblemente bajo.<\/span><\/p>\n<p><img decoding=\"async\" class=\"alignnone size-medium wp-image-3539\" src=\"https:\/\/dacompanama.com\/site\/wp-content\/uploads\/2018\/03\/Logo_Dascom-Panama-300x37.png\" alt=\"\" width=\"300\" height=\"37\" srcset=\"https:\/\/dacompanama.com\/site\/wp-content\/uploads\/2018\/03\/Logo_Dascom-Panama-300x37.png 300w, https:\/\/dacompanama.com\/site\/wp-content\/uploads\/2018\/03\/Logo_Dascom-Panama.png 502w\" sizes=\"(max-width: 300px) 100vw, 300px\" \/><\/p>\n","protected":false},"featured_media":3792,"template":"","meta":[],"product_brand":[],"product_cat":[20],"product_tag":[],"class_list":{"0":"post-32","1":"product","2":"type-product","3":"status-publish","4":"has-post-thumbnail","6":"product_cat-impresoras-fiscales","7":"","8":"woocommerce-text-align-left","9":"woocommerce-image-align-center","10":"do-quantity-buttons","11":"wc-has-gallery","13":"first","14":"instock","15":"shipping-taxable","16":"product-type-simple"},"_links":{"self":[{"href":"https:\/\/dacompanama.com\/site\/wp-json\/wp\/v2\/product\/32","targetHints":{"allow":["GET"]}}],"collection":[{"href":"https:\/\/dacompanama.com\/site\/wp-json\/wp\/v2\/product"}],"about":[{"href":"https:\/\/dacompanama.com\/site\/wp-json\/wp\/v2\/types\/product"}],"wp:featuredmedia":[{"embeddable":true,"href":"https:\/\/dacompanama.com\/site\/wp-json\/wp\/v2\/media\/3792"}],"wp:attachment":[{"href":"https:\/\/dacompanama.com\/site\/wp-json\/wp\/v2\/media?parent=32"}],"wp:term":[{"taxonomy":"product_brand","embeddable":true,"href":"https:\/\/dacompanama.com\/site\/wp-json\/wp\/v2\/product_brand?post=32"},{"taxonomy":"product_cat","embeddable":true,"href":"https:\/\/dacompanama.com\/site\/wp-json\/wp\/v2\/product_cat?post=32"},{"taxonomy":"product_tag","embeddable":true,"href":"https:\/\/dacompanama.com\/site\/wp-json\/wp\/v2\/product_tag?post=32"}],"curies":[{"name":"wp","href":"https:\/\/api.w.org\/{rel}","templated":true}]}}